{"id":9579,"date":"2025-04-24T09:12:02","date_gmt":"2025-04-24T08:12:02","guid":{"rendered":"https:\/\/steelplus.pt\/politica-de-privacidade\/"},"modified":"2025-07-29T12:39:51","modified_gmt":"2025-07-29T11:39:51","slug":"politica-de-privacidade","status":"publish","type":"page","link":"https:\/\/steelplus.pt\/pt-pt\/politica-de-privacidade\/","title":{"rendered":"Pol\u00edtica de privacidade"},"content":{"rendered":"\t\t<div data-elementor-type=\"wp-page\" data-elementor-id=\"9579\" class=\"elementor elementor-9579 elementor-7923\" data-elementor-post-type=\"page\">\n\t\t\t\t<div class=\"elementor-element elementor-element-541657f e-flex e-con-boxed e-con e-parent\" data-id=\"541657f\" data-element_type=\"container\">\n\t\t\t\t\t<div class=\"e-con-inner\">\n\t\t\t\t<div class=\"elementor-element elementor-element-eae6821 elementor-widget__width-inicial personalizado-a elementor-widget elementor-widget-pxl_text_editor\" data-id=\"eae6821\" data-element_type=\"widget\" data-widget_type=\"pxl_text_editor.default\">\n\t\t\t\t<div class=\"elementor-widget-container\">\n\t\t\t\t\t<div class=\"pxl-text-editor\">\n\t<div class=\"pxl-item--inner \" data-wow-delay=\"ms\">\n\t\t<p class=\"\" data-start=\"125\" data-end=\"250\">Por favor, leia atentamente a nossa Pol\u00edtica de Cookies e Pol\u00edtica de Privacidade.<br data-start=\"184\" data-end=\"187\">Se n\u00e3o concordar com as mesmas, n\u00e3o dever\u00e1 utilizar este website.<\/p><p class=\"\" data-start=\"252\" data-end=\"420\">Esta Pol\u00edtica de Cookies e Privacidade descreve as formas como os dados pessoais s\u00e3o recolhidos e utilizados, bem como as medidas de salvaguarda e seguran\u00e7a adotadas no seu processamento.<\/p><p class=\"\" data-start=\"422\" data-end=\"893\">A empresa, em nome da <strong>SteelPLUS &#8211; Moldes T\u00e9cnicos, Lda<\/strong>, n\u00famero de identifica\u00e7\u00e3o fiscal <strong data-start=\"524\" data-end=\"537\">505339943<\/strong>, doravante designada por <strong data-start=\"566\" data-end=\"579\">Steelplus<\/strong>, reconhece a import\u00e2ncia da privacidade. Nunca venderemos as suas informa\u00e7\u00f5es a terceiros, sejam indiv\u00edduos ou empresas.<br data-start=\"706\" data-end=\"709\">O website <a class=\"\" href=\"https:\/\/steelplus.pt\/pt-pt\/\" target=\"_new\" rel=\"noopener\" data-start=\"721\" data-end=\"765\">https:\/\/steelplus.pt<\/a> \u00e9 propriedade da <strong data-start=\"778\" data-end=\"791\">Steelplus<\/strong>, com sede na <strong data-start=\"810\" data-end=\"892\">Zona Industrial do Rossio, Travessa 3, n.\u00ba 140, 3730-601 Vila Cova de Perrinho<\/strong>. <\/p><p class=\"\" data-start=\"895\" data-end=\"912\"><strong data-start=\"895\" data-end=\"912\">POL\u00cdTICA DE COOKIES<\/strong><\/p><p class=\"\" data-start=\"914\" data-end=\"2201\">A Steelplus utiliza cookies para lhe proporcionar um melhor servi\u00e7o e experi\u00eancia como utilizador do nosso site. Ao navegar no nosso site, concorda com a utiliza\u00e7\u00e3o de cookies. <br data-start=\"1066\" data-end=\"1069\">Para garantir que o nosso site oferece uma boa experi\u00eancia de navega\u00e7\u00e3o e proporciona um servi\u00e7o mais personalizado, o nosso servidor utiliza cookies (pequenos ficheiros de informa\u00e7\u00e3o) para recolher e armazenar informa\u00e7\u00e3o.<br data-start=\"1252\" data-end=\"1255\">Se desejar, pode desativar esta defini\u00e7\u00e3o no seu navegador, o que poder\u00e1 limitar o acesso a determinadas \u00e1reas do site ou impedir que informa\u00e7\u00f5es personalizadas sejam entregues.<br data-start=\"1423\" data-end=\"1426\">A utiliza\u00e7\u00e3o de cookies \u00e9 uma pr\u00e1tica comum na maioria dos websites, com o objetivo de poupar tempo aos utilizadores e facilitar a navega\u00e7\u00e3o.<br data-start=\"1531\" data-end=\"1534\">A Steelplus poder\u00e1 utilizar cookies para recolher informa\u00e7\u00f5es durante a sua visita ao site, como as \u00e1reas que visita e as atividades em que participa. Estes ficheiros s\u00e3o utilizados para evitar que o visitante tenha de introduzir repetidamente informa\u00e7\u00f5es pessoais, simplificar a navega\u00e7\u00e3o e personalizar o servi\u00e7o. Os cookies podem ajudar na utiliza\u00e7\u00e3o futura da aplica\u00e7\u00e3o. Uma vez que o computador pode identificar informa\u00e7\u00f5es previamente fornecidas, n\u00e3o as solicitar\u00e1 novamente.<br data-start=\"1967\" data-end=\"1970\">O utilizador pode aceitar ou eliminar cookies. A maioria dos navegadores ou aplica\u00e7\u00f5es de navega\u00e7\u00e3o na Internet aceitam cookies automaticamente. Se o utilizador n\u00e3o desejar utilizar cookies, dever\u00e1 alterar as defini\u00e7\u00f5es do seu navegador relativamente \u00e0 aceita\u00e7\u00e3o de cookies.     <\/p><p class=\"\" data-start=\"2203\" data-end=\"2221\"><strong data-start=\"2203\" data-end=\"2221\">POL\u00cdTICA DE PRIVACIDADE<\/strong><\/p><p class=\"\" data-start=\"2223\" data-end=\"2744\"><strong data-start=\"2223\" data-end=\"2249\">Recolha de Informa\u00e7\u00e3o<\/strong><br data-start=\"2249\" data-end=\"2252\">Sempre que for necess\u00e1rio recolher informa\u00e7\u00f5es pessoais, a sua utiliza\u00e7\u00e3o respeitar\u00e1 a legisla\u00e7\u00e3o aplic\u00e1vel, nomeadamente o Regulamento (UE) 2016\/679 do Parlamento Europeu e do Conselho de 27 de abril de 2016. \u00c9 garantido ao titular dos dados o direito de acesso, retifica\u00e7\u00e3o, altera\u00e7\u00e3o, elimina\u00e7\u00e3o e portabilidade dos seus dados pessoais mediante pedido por escrito \u00e0 entidade respons\u00e1vel, enviado por correio registado para o endere\u00e7o acima indicado ou por email para <a class=\"cursor-pointer\" rel=\"noopener\" data-start=\"2692\" data-end=\"2741\">moldes@steelplus.pt<\/a>. <\/p><p class=\"\" data-start=\"2746\" data-end=\"2848\">O titular dos dados pode tamb\u00e9m apresentar reclama\u00e7\u00e3o junto da CNPD ou de outra autoridade de supervis\u00e3o nacional.<\/p><p class=\"\" data-start=\"2850\" data-end=\"3220\">Todas as informa\u00e7\u00f5es s\u00e3o fornecidas voluntariamente atrav\u00e9s do website, formul\u00e1rios online, inqu\u00e9ritos, promo\u00e7\u00f5es de servi\u00e7os e\/ou sorteios. A Steelplus recolhe dados pessoais como nomes, endere\u00e7os, emails, n\u00fameros de telefone, endere\u00e7os IP, informa\u00e7\u00f5es demogr\u00e1ficas e de estilo de vida para os fins descritos abaixo. A Steelplus \u00e9 a entidade respons\u00e1vel pela recolha e tratamento dos dados pessoais.  <\/p><p class=\"\" data-start=\"3222\" data-end=\"3810\"><strong data-start=\"3222\" data-end=\"3254\">Utiliza\u00e7\u00e3o da Informa\u00e7\u00e3o Recolhida<\/strong><br data-start=\"3254\" data-end=\"3257\">A Steelplus est\u00e1 empenhada em cumprir as leis de prote\u00e7\u00e3o de dados em vigor em Portugal.<br data-start=\"3340\" data-end=\"3343\">As informa\u00e7\u00f5es obtidas poder\u00e3o ser utilizadas pela Steelplus para enviar materiais de marketing ou para a\u00e7\u00f5es comerciais desenvolvidas para esse fim.<br data-start=\"3474\" data-end=\"3477\">Os dados recolhidos destinam-se exclusivamente ao uso interno da Steelplus para satisfazer os pedidos efetuados atrav\u00e9s deste website, sendo garantida a privacidade do utilizador e a prote\u00e7\u00e3o dos dados.<br data-start=\"3645\" data-end=\"3648\">A Steelplus poder\u00e1 partilhar os dados do utilizador com outras empresas quando necess\u00e1rio para fornecer um produto ou servi\u00e7o, garantindo que apenas s\u00e3o partilhadas as informa\u00e7\u00f5es m\u00ednimas necess\u00e1rias.<\/p><p class=\"\" data-start=\"3812\" data-end=\"4158\"><strong data-start=\"3812\" data-end=\"3860\">Direito de Acesso, Retifica\u00e7\u00e3o, Cancelamento e Oposi\u00e7\u00e3o<\/strong><br data-start=\"3860\" data-end=\"3863\">De acordo com o Regulamento (UE) 2016\/679, qualquer pessoa pode solicitar o acesso aos seus dados pessoais, conhecer o seu conte\u00fado, solicitar a sua retifica\u00e7\u00e3o, atualiza\u00e7\u00e3o ou elimina\u00e7\u00e3o mediante pedido por escrito dirigido ao Respons\u00e1vel pelo Tratamento de Dados para o seguinte endere\u00e7o de email: <a class=\"cursor-pointer\" rel=\"noopener\" data-start=\"4108\" data-end=\"4157\">moldes@steelplus.pt<\/a>.<\/p><p class=\"\" data-start=\"4160\" data-end=\"4585\"><strong data-start=\"4160\" data-end=\"4192\">Seguran\u00e7a e Prote\u00e7\u00e3o de Dados<\/strong><br data-start=\"4192\" data-end=\"4195\">A Steelplus est\u00e1 empenhada em adotar as medidas de seguran\u00e7a necess\u00e1rias para salvaguardar os dados pessoais dos utilizadores contra utiliza\u00e7\u00e3o indevida ou acesso n\u00e3o autorizado.<br data-start=\"4331\" data-end=\"4334\">No entanto, como a internet n\u00e3o \u00e9 um meio de comunica\u00e7\u00e3o completamente seguro, a Steelplus n\u00e3o pode garantir a seguran\u00e7a de qualquer informa\u00e7\u00e3o divulgada online nem ser responsabilizada por perdas ou danos resultantes da perda de confidencialidade da informa\u00e7\u00e3o.<\/p><p class=\"\" data-start=\"4587\" data-end=\"4930\"><strong data-start=\"4587\" data-end=\"4605\">Responsabilidade<\/strong><br data-start=\"4605\" data-end=\"4608\">Este website pode conter liga\u00e7\u00f5es que redirecionam os utilizadores para outras p\u00e1ginas web fora do dom\u00ednio da Steelplus, que podem recolher dados ou solicitar informa\u00e7\u00f5es pessoais. Esta Pol\u00edtica de Privacidade n\u00e3o se aplica a websites de terceiros; os utilizadores devem ler as suas pol\u00edticas de privacidade, e a Steelplus n\u00e3o \u00e9 respons\u00e1vel pelo seu conte\u00fado ou informa\u00e7\u00e3o. <\/p><p class=\"\" data-start=\"4932\" data-end=\"5194\"><strong data-start=\"4932\" data-end=\"4965\">Concord\u00e2ncia com a Pol\u00edtica de Privacidade<\/strong><br data-start=\"4965\" data-end=\"4968\">Entende-se que o utilizador aceita os termos desta pol\u00edtica de privacidade ao submeter os seus dados. O preenchimento dos formul\u00e1rios implica o consentimento do utilizador para o tratamento automatizado e utiliza\u00e7\u00e3o dos seus dados nos termos aqui descritos. <\/p><p class=\"\" data-start=\"5196\" data-end=\"5465\"><strong data-start=\"5196\" data-end=\"5229\">Altera\u00e7\u00f5es \u00e0 Pol\u00edtica de Privacidade<\/strong><br data-start=\"5229\" data-end=\"5232\">A Steelplus reserva-se o direito de atualizar ou rever esta Pol\u00edtica de Privacidade a qualquer momento para se adaptar a altera\u00e7\u00f5es legislativas e\/ou outras condi\u00e7\u00f5es. Quaisquer altera\u00e7\u00f5es ser\u00e3o publicadas aqui, pelo que os utilizadores devem verificar esta p\u00e1gina regularmente para se manterem informados. <\/p><p class=\"\" data-start=\"5467\" data-end=\"5504\"><strong data-start=\"5467\" data-end=\"5504\">Vila Cova de Perrinho, abril de 2025<\/strong><\/p>\t\t\n\t<\/div>\n<\/div>\t\t\t\t<\/div>\n\t\t\t\t<\/div>\n\t\t\t\t\t<\/div>\n\t\t\t\t<\/div>\n\t\t\t\t<\/div>\n\t\t","protected":false},"excerpt":{"rendered":"<p>Por favor, leia atentamente a nossa Pol\u00edtica de Cookies e Pol\u00edtica de Privacidade.Se n\u00e3o concordar com as mesmas, n\u00e3o dever\u00e1 utilizar este website. Esta Pol\u00edtica de Cookies e Privacidade descreve as formas como os dados pessoais s\u00e3o recolhidos e utilizados, bem como as medidas de salvaguarda e seguran\u00e7a adotadas no seu processamento. A empresa, em [&hellip;]<\/p>\n","protected":false},"author":1,"featured_media":0,"parent":0,"menu_order":0,"comment_status":"closed","ping_status":"closed","template":"","meta":{"footnotes":""},"class_list":["post-9579","page","type-page","status-publish","hentry"],"yoast_head":"<!-- This site is optimized with the Yoast SEO plugin v25.4 - https:\/\/yoast.com\/wordpress\/plugins\/seo\/ -->\n<title>Pol\u00edtica de privacidade - SteelPlus<\/title>\n<meta name=\"robots\" content=\"index, follow, max-snippet:-1, max-image-preview:large, max-video-preview:-1\" \/>\n<link rel=\"canonical\" href=\"https:\/\/steelplus.pt\/pt-pt\/politica-de-privacidade\/\" \/>\n<meta property=\"og:locale\" content=\"pt_PT\" \/>\n<meta property=\"og:type\" content=\"article\" \/>\n<meta property=\"og:title\" content=\"Pol\u00edtica de privacidade - SteelPlus\" \/>\n<meta property=\"og:description\" content=\"Por favor, leia atentamente a nossa Pol\u00edtica de Cookies e Pol\u00edtica de Privacidade.Se n\u00e3o concordar com as mesmas, n\u00e3o dever\u00e1 utilizar este website. Esta Pol\u00edtica de Cookies e Privacidade descreve as formas como os dados pessoais s\u00e3o recolhidos e utilizados, bem como as medidas de salvaguarda e seguran\u00e7a adotadas no seu processamento. A empresa, em [&hellip;]\" \/>\n<meta property=\"og:url\" content=\"https:\/\/steelplus.pt\/pt-pt\/politica-de-privacidade\/\" \/>\n<meta property=\"og:site_name\" content=\"SteelPlus\" \/>\n<meta property=\"article:modified_time\" content=\"2025-07-29T11:39:51+00:00\" \/>\n<meta name=\"twitter:card\" content=\"summary_large_image\" \/>\n<meta name=\"twitter:label1\" content=\"Tempo estimado de leitura\" \/>\n\t<meta name=\"twitter:data1\" content=\"5 minutos\" \/>\n<script type=\"application\/ld+json\" class=\"yoast-schema-graph\">{\"@context\":\"https:\/\/schema.org\",\"@graph\":[{\"@type\":\"WebPage\",\"@id\":\"https:\/\/steelplus.pt\/pt-pt\/politica-de-privacidade\/\",\"url\":\"https:\/\/steelplus.pt\/pt-pt\/politica-de-privacidade\/\",\"name\":\"Pol\u00edtica de privacidade - SteelPlus\",\"isPartOf\":{\"@id\":\"https:\/\/steelplus.pt\/pt-pt\/#website\"},\"datePublished\":\"2025-04-24T08:12:02+00:00\",\"dateModified\":\"2025-07-29T11:39:51+00:00\",\"breadcrumb\":{\"@id\":\"https:\/\/steelplus.pt\/pt-pt\/politica-de-privacidade\/#breadcrumb\"},\"inLanguage\":\"pt-PT\",\"potentialAction\":[{\"@type\":\"ReadAction\",\"target\":[\"https:\/\/steelplus.pt\/pt-pt\/politica-de-privacidade\/\"]}]},{\"@type\":\"BreadcrumbList\",\"@id\":\"https:\/\/steelplus.pt\/pt-pt\/politica-de-privacidade\/#breadcrumb\",\"itemListElement\":[{\"@type\":\"ListItem\",\"position\":1,\"name\":\"In\u00edcio\",\"item\":\"https:\/\/steelplus.pt\/pt-pt\/inicio\/\"},{\"@type\":\"ListItem\",\"position\":2,\"name\":\"Pol\u00edtica de privacidade\"}]},{\"@type\":\"WebSite\",\"@id\":\"https:\/\/steelplus.pt\/pt-pt\/#website\",\"url\":\"https:\/\/steelplus.pt\/pt-pt\/\",\"name\":\"SteelPlus\",\"description\":\"\",\"publisher\":{\"@id\":\"https:\/\/steelplus.pt\/pt-pt\/#organization\"},\"potentialAction\":[{\"@type\":\"SearchAction\",\"target\":{\"@type\":\"EntryPoint\",\"urlTemplate\":\"https:\/\/steelplus.pt\/pt-pt\/?s={search_term_string}\"},\"query-input\":{\"@type\":\"PropertyValueSpecification\",\"valueRequired\":true,\"valueName\":\"search_term_string\"}}],\"inLanguage\":\"pt-PT\"},{\"@type\":\"Organization\",\"@id\":\"https:\/\/steelplus.pt\/pt-pt\/#organization\",\"name\":\"SteelPlus\",\"url\":\"https:\/\/steelplus.pt\/pt-pt\/\",\"logo\":{\"@type\":\"ImageObject\",\"inLanguage\":\"pt-PT\",\"@id\":\"https:\/\/steelplus.pt\/pt-pt\/#\/schema\/logo\/image\/\",\"url\":\"https:\/\/steelplus.pt\/wordpress\/wp-content\/uploads\/2024\/05\/Grupo-176.png\",\"contentUrl\":\"https:\/\/steelplus.pt\/wordpress\/wp-content\/uploads\/2024\/05\/Grupo-176.png\",\"width\":215,\"height\":40,\"caption\":\"SteelPlus\"},\"image\":{\"@id\":\"https:\/\/steelplus.pt\/pt-pt\/#\/schema\/logo\/image\/\"}}]}<\/script>\n<!-- \/ Yoast SEO plugin. -->","yoast_head_json":{"title":"Pol\u00edtica de privacidade - SteelPlus","robots":{"index":"index","follow":"follow","max-snippet":"max-snippet:-1","max-image-preview":"max-image-preview:large","max-video-preview":"max-video-preview:-1"},"canonical":"https:\/\/steelplus.pt\/pt-pt\/politica-de-privacidade\/","og_locale":"pt_PT","og_type":"article","og_title":"Pol\u00edtica de privacidade - SteelPlus","og_description":"Por favor, leia atentamente a nossa Pol\u00edtica de Cookies e Pol\u00edtica de Privacidade.Se n\u00e3o concordar com as mesmas, n\u00e3o dever\u00e1 utilizar este website. Esta Pol\u00edtica de Cookies e Privacidade descreve as formas como os dados pessoais s\u00e3o recolhidos e utilizados, bem como as medidas de salvaguarda e seguran\u00e7a adotadas no seu processamento. A empresa, em [&hellip;]","og_url":"https:\/\/steelplus.pt\/pt-pt\/politica-de-privacidade\/","og_site_name":"SteelPlus","article_modified_time":"2025-07-29T11:39:51+00:00","twitter_card":"summary_large_image","twitter_misc":{"Tempo estimado de leitura":"5 minutos"},"schema":{"@context":"https:\/\/schema.org","@graph":[{"@type":"WebPage","@id":"https:\/\/steelplus.pt\/pt-pt\/politica-de-privacidade\/","url":"https:\/\/steelplus.pt\/pt-pt\/politica-de-privacidade\/","name":"Pol\u00edtica de privacidade - SteelPlus","isPartOf":{"@id":"https:\/\/steelplus.pt\/pt-pt\/#website"},"datePublished":"2025-04-24T08:12:02+00:00","dateModified":"2025-07-29T11:39:51+00:00","breadcrumb":{"@id":"https:\/\/steelplus.pt\/pt-pt\/politica-de-privacidade\/#breadcrumb"},"inLanguage":"pt-PT","potentialAction":[{"@type":"ReadAction","target":["https:\/\/steelplus.pt\/pt-pt\/politica-de-privacidade\/"]}]},{"@type":"BreadcrumbList","@id":"https:\/\/steelplus.pt\/pt-pt\/politica-de-privacidade\/#breadcrumb","itemListElement":[{"@type":"ListItem","position":1,"name":"In\u00edcio","item":"https:\/\/steelplus.pt\/pt-pt\/inicio\/"},{"@type":"ListItem","position":2,"name":"Pol\u00edtica de privacidade"}]},{"@type":"WebSite","@id":"https:\/\/steelplus.pt\/pt-pt\/#website","url":"https:\/\/steelplus.pt\/pt-pt\/","name":"SteelPlus","description":"","publisher":{"@id":"https:\/\/steelplus.pt\/pt-pt\/#organization"},"potentialAction":[{"@type":"SearchAction","target":{"@type":"EntryPoint","urlTemplate":"https:\/\/steelplus.pt\/pt-pt\/?s={search_term_string}"},"query-input":{"@type":"PropertyValueSpecification","valueRequired":true,"valueName":"search_term_string"}}],"inLanguage":"pt-PT"},{"@type":"Organization","@id":"https:\/\/steelplus.pt\/pt-pt\/#organization","name":"SteelPlus","url":"https:\/\/steelplus.pt\/pt-pt\/","logo":{"@type":"ImageObject","inLanguage":"pt-PT","@id":"https:\/\/steelplus.pt\/pt-pt\/#\/schema\/logo\/image\/","url":"https:\/\/steelplus.pt\/wordpress\/wp-content\/uploads\/2024\/05\/Grupo-176.png","contentUrl":"https:\/\/steelplus.pt\/wordpress\/wp-content\/uploads\/2024\/05\/Grupo-176.png","width":215,"height":40,"caption":"SteelPlus"},"image":{"@id":"https:\/\/steelplus.pt\/pt-pt\/#\/schema\/logo\/image\/"}}]}},"_links":{"self":[{"href":"https:\/\/steelplus.pt\/pt-pt\/wp-json\/wp\/v2\/pages\/9579","targetHints":{"allow":["GET"]}}],"collection":[{"href":"https:\/\/steelplus.pt\/pt-pt\/wp-json\/wp\/v2\/pages"}],"about":[{"href":"https:\/\/steelplus.pt\/pt-pt\/wp-json\/wp\/v2\/types\/page"}],"author":[{"embeddable":true,"href":"https:\/\/steelplus.pt\/pt-pt\/wp-json\/wp\/v2\/users\/1"}],"replies":[{"embeddable":true,"href":"https:\/\/steelplus.pt\/pt-pt\/wp-json\/wp\/v2\/comments?post=9579"}],"version-history":[{"count":3,"href":"https:\/\/steelplus.pt\/pt-pt\/wp-json\/wp\/v2\/pages\/9579\/revisions"}],"predecessor-version":[{"id":9714,"href":"https:\/\/steelplus.pt\/pt-pt\/wp-json\/wp\/v2\/pages\/9579\/revisions\/9714"}],"wp:attachment":[{"href":"https:\/\/steelplus.pt\/pt-pt\/wp-json\/wp\/v2\/media?parent=9579"}],"curies":[{"name":"wp","href":"https:\/\/api.w.org\/{rel}","templated":true}]}}