{"id":9569,"date":"2025-04-24T09:27:22","date_gmt":"2025-04-24T08:27:22","guid":{"rendered":"https:\/\/steelplus.pt\/sala-limpa\/"},"modified":"2025-07-29T12:31:50","modified_gmt":"2025-07-29T11:31:50","slug":"sala-limpa","status":"publish","type":"page","link":"https:\/\/steelplus.pt\/pt-pt\/sala-limpa\/","title":{"rendered":"Sala limpa"},"content":{"rendered":"\t\t<div data-elementor-type=\"wp-page\" data-elementor-id=\"9569\" class=\"elementor elementor-9569 elementor-7942\" data-elementor-post-type=\"page\">\n\t\t\t\t        <section class=\"elementor-section elementor-top-section elementor-element elementor-element-a6ff405 elementor-section-stretched elementor-section-boxed elementor-section-height-default elementor-section-height-default pxl-row-scroll-none pxl-bg-color-none pxl-section-overlay-none\" data-id=\"a6ff405\" data-element_type=\"section\" data-settings=\"{&quot;background_background&quot;:&quot;classic&quot;,&quot;stretch_section&quot;:&quot;section-stretched&quot;}\">\n\n                \n                <div class=\"elementor-container elementor-column-gap-extended \">\n                <div class=\"elementor-column elementor-col-50 elementor-top-column elementor-element elementor-element-4dfc559 pxl-column-none\" data-id=\"4dfc559\" data-element_type=\"column\">\r\n        <div class=\"elementor-widget-wrap elementor-element-populated\">\r\n                     \r\n        \t\t<div class=\"elementor-element elementor-element-b65d2ab elementor-widget-mobile__width-inicial elementor-widget elementor-widget-pxl_image\" data-id=\"b65d2ab\" data-element_type=\"widget\" data-widget_type=\"pxl_image.default\">\n\t\t\t\t<div class=\"elementor-widget-container\">\n\t\t\t\t\t\r\n<div id=\"pxl_image-b65d2ab-9246\" class=\"pxl-image-single pxl-parallax-scroll style-default \" data-wow-delay=\"ms\" data-parallax='{\"y\":30}'>\r\n    <div class=\"pxl-item--inner \" data-wow-delay=\"120ms\">\r\n        \r\n                                <div class=\"pxl-item--image\" data-parallax-value=\"\">\r\n                                                    <img fetchpriority=\"high\" decoding=\"async\" width=\"732\" height=\"863\" src=\"https:\/\/steelplus.pt\/wordpress\/wp-content\/uploads\/2025\/04\/Clean-Room.jpg\" class=\"no-lazyload attachment-full\" alt=\"\" \/>                                            <\/div>\r\n                            \r\n            <\/div>\r\n<\/div>\t\t\t\t<\/div>\n\t\t\t\t<\/div>\n\t\t            <\/div>\r\n        <\/div>\r\n                <div class=\"elementor-column elementor-col-50 elementor-top-column elementor-element elementor-element-67cc67a pxl-column-none\" data-id=\"67cc67a\" data-element_type=\"column\">\r\n        <div class=\"elementor-widget-wrap elementor-element-populated\">\r\n                     \r\n        \t\t<div class=\"elementor-element elementor-element-7374162 elementor-widget elementor-widget-pxl_heading\" data-id=\"7374162\" data-element_type=\"widget\" data-widget_type=\"pxl_heading.default\">\n\t\t\t\t<div class=\"elementor-widget-container\">\n\t\t\t\t\t<div id=\"pxl-pxl_heading-7374162-8346\" class=\"pxl-heading px-title--default-style  \">\n\t<div class=\"pxl-heading--inner \">\n\t\t\n\t\t\t\t\t<div class=\"pxl-item--subtitle px-sub-title-default \" data-wow-delay=\"ms\">\n\t\t\t\t<span class=\"pxl-item--subtext\">\n\t\t\t\t\tSala limpa\t\t\t\t<\/span>\n\t\t\t<\/div>\n\t\t\n\t\t<h3 class=\"pxl-item--title wow skewIn\" data-wow-delay=\"ms\">\n\t\t\tPrecis\u00e3o num espa\u00e7o limpo\t\t\n\t\t<\/h3>\n\n\t\t\n\t\t\n\t\t\t\t\n\t<\/div>\n<\/div>\t\t\t\t<\/div>\n\t\t\t\t<\/div>\n\t\t\t\t<div class=\"elementor-element elementor-element-e1925fe elementor-widget__width-inicial elementor-widget elementor-widget-pxl_text_editor\" data-id=\"e1925fe\" data-element_type=\"widget\" data-widget_type=\"pxl_text_editor.default\">\n\t\t\t\t<div class=\"elementor-widget-container\">\n\t\t\t\t\t<div class=\"pxl-text-editor\">\n\t<div class=\"pxl-item--inner \" data-wow-delay=\"ms\">\n\t\t<p>A nossa Sala Limpa \u00e9 um espa\u00e7o fechado com um sistema<br>AVAC avan\u00e7ado equipado com tecnologia de ponta,<br>criando condi\u00e7\u00f5es ideais para o desenvolvimento e acabamento<br>de moldes especializados que exigem rigorosos padr\u00f5es<br>sanit\u00e1rios e ambientais (ISO 7).<\/p>\t\t\n\t<\/div>\n<\/div>\t\t\t\t<\/div>\n\t\t\t\t<\/div>\n\t\t            <\/div>\r\n        <\/div>\r\n        \t\t\t<\/div>\n\t\t<\/section>\n\t\t        <section class=\"elementor-section elementor-top-section elementor-element elementor-element-c4221dd elementor-section-stretched elementor-section-boxed elementor-section-height-default elementor-section-height-default pxl-row-scroll-none pxl-bg-color-none pxl-section-overlay-none\" data-id=\"c4221dd\" data-element_type=\"section\" data-settings=\"{&quot;background_background&quot;:&quot;classic&quot;,&quot;stretch_section&quot;:&quot;section-stretched&quot;}\">\n\n                \n                <div class=\"elementor-container elementor-column-gap-extended \">\n                <div class=\"elementor-column elementor-col-50 elementor-top-column elementor-element elementor-element-b3027c4 pxl-column-none\" data-id=\"b3027c4\" data-element_type=\"column\">\r\n        <div class=\"elementor-widget-wrap elementor-element-populated\">\r\n                     \r\n        \t\t<div class=\"elementor-element elementor-element-8198d7a elementor-widget elementor-widget-pxl_heading\" data-id=\"8198d7a\" data-element_type=\"widget\" data-widget_type=\"pxl_heading.default\">\n\t\t\t\t<div class=\"elementor-widget-container\">\n\t\t\t\t\t<div id=\"pxl-pxl_heading-8198d7a-8642\" class=\"pxl-heading px-title--default-style  \">\n\t<div class=\"pxl-heading--inner \">\n\t\t\n\t\t\n\t\t<h3 class=\"pxl-item--title wow skewIn\" data-wow-delay=\"ms\">\n\t\t\tConte\u00fado da sala limpa\t\t\n\t\t<\/h3>\n\n\t\t\n\t\t\n\t\t\t\t\n\t<\/div>\n<\/div>\t\t\t\t<\/div>\n\t\t\t\t<\/div>\n\t\t\t\t<div class=\"elementor-element elementor-element-7989553 elementor-widget__width-auto elementor-widget elementor-widget-pxl_list\" data-id=\"7989553\" data-element_type=\"widget\" data-widget_type=\"pxl_list.default\">\n\t\t\t\t<div class=\"elementor-widget-container\">\n\t\t\t\t\t    <div class=\"pxl-list pxl-list1 style-1\">\r\n                    <div class=\"pxl--item wow fadeInUp\" data-wow-delay=\"ms\">\r\n                                    <div class=\"pxl-item--icon\">\r\n                        <i aria-hidden=\"true\" class=\"fas fa-check\"><\/i>                    <\/div>\r\n                                <div class=\"pxl-item--text el-empty\">\r\n                    <a >\r\n                        <span>M\u00e1quina de Inje\u00e7\u00e3o 2k (Fanuc Roboshot Alpha)<\/span>\r\n                    <\/a>\r\n                <\/div>\r\n            <\/div>\r\n                    <div class=\"pxl--item wow fadeInUp\" data-wow-delay=\"ms\">\r\n                                    <div class=\"pxl-item--icon\">\r\n                        <i aria-hidden=\"true\" class=\"fas fa-check\"><\/i>                    <\/div>\r\n                                <div class=\"pxl-item--text el-empty\">\r\n                    <a >\r\n                        <span>Laser TRUMPF para micro e nano escala para ter estrutura que proporcione propriedades antibacterianas em superf\u00edcies de a\u00e7o<\/span>\r\n                    <\/a>\r\n                <\/div>\r\n            <\/div>\r\n                    <div class=\"pxl--item wow fadeInUp\" data-wow-delay=\"ms\">\r\n                                    <div class=\"pxl-item--icon\">\r\n                        <i aria-hidden=\"true\" class=\"fas fa-check\"><\/i>                    <\/div>\r\n                                <div class=\"pxl-item--text el-empty\">\r\n                    <a >\r\n                        <span>Microsc\u00f3pio Zeiss<\/span>\r\n                    <\/a>\r\n                <\/div>\r\n            <\/div>\r\n                    <div class=\"pxl--item wow fadeInUp\" data-wow-delay=\"ms\">\r\n                                    <div class=\"pxl-item--icon\">\r\n                        <i aria-hidden=\"true\" class=\"fas fa-check\"><\/i>                    <\/div>\r\n                                <div class=\"pxl-item--text el-empty\">\r\n                    <a >\r\n                        <span>Projetor de perfil<\/span>\r\n                    <\/a>\r\n                <\/div>\r\n            <\/div>\r\n                    <div class=\"pxl--item wow fadeInUp\" data-wow-delay=\"ms\">\r\n                                    <div class=\"pxl-item--icon\">\r\n                        <i aria-hidden=\"true\" class=\"fas fa-check\"><\/i>                    <\/div>\r\n                                <div class=\"pxl-item--text el-empty\">\r\n                    <a >\r\n                        <span>Sistemas de polimento \u00f3tico de alta qualidade<\/span>\r\n                    <\/a>\r\n                <\/div>\r\n            <\/div>\r\n                    <div class=\"pxl--item wow fadeInUp\" data-wow-delay=\"ms\">\r\n                                    <div class=\"pxl-item--icon\">\r\n                        <i aria-hidden=\"true\" class=\"fas fa-check\"><\/i>                    <\/div>\r\n                                <div class=\"pxl-item--text el-empty\">\r\n                    <a >\r\n                        <span>Sistema AVAC<\/span>\r\n                    <\/a>\r\n                <\/div>\r\n            <\/div>\r\n                    <div class=\"pxl--item wow fadeInUp\" data-wow-delay=\"ms\">\r\n                                    <div class=\"pxl-item--icon\">\r\n                        <i aria-hidden=\"true\" class=\"fas fa-check\"><\/i>                    <\/div>\r\n                                <div class=\"pxl-item--text el-empty\">\r\n                    <a >\r\n                        <span>Sistema de eleva\u00e7\u00e3o pneum\u00e1tico<\/span>\r\n                    <\/a>\r\n                <\/div>\r\n            <\/div>\r\n                    <div class=\"pxl--item wow fadeInUp\" data-wow-delay=\"ms\">\r\n                                    <div class=\"pxl-item--icon\">\r\n                        <i aria-hidden=\"true\" class=\"fas fa-check\"><\/i>                    <\/div>\r\n                                <div class=\"pxl-item--text el-empty\">\r\n                    <a >\r\n                        <span>Outros m\u00f3veis esterilizados de apoio<\/span>\r\n                    <\/a>\r\n                <\/div>\r\n            <\/div>\r\n            <\/div>\r\n\t\t\t\t<\/div>\n\t\t\t\t<\/div>\n\t\t            <\/div>\r\n        <\/div>\r\n                <div class=\"elementor-column elementor-col-50 elementor-top-column elementor-element elementor-element-01883c6 pxl-column-none\" data-id=\"01883c6\" data-element_type=\"column\">\r\n        <div class=\"elementor-widget-wrap elementor-element-populated\">\r\n                     \r\n        <div class=\"elementor-element elementor-element-11bad83 e-con-full e-flex e-con e-child\" data-id=\"11bad83\" data-element_type=\"container\">\n\t\t\t\t<div class=\"elementor-element elementor-element-02ebfc0 elementor-widget__width-initial elementor-widget elementor-widget-image\" data-id=\"02ebfc0\" data-element_type=\"widget\" data-widget_type=\"image.default\">\n\t\t\t\t<div class=\"elementor-widget-container\">\n\t\t\t\t\t\t\t\t\t\t\t\t<figure class=\"wp-caption\">\n\t\t\t\t\t\t\t\t\t\t<img decoding=\"async\" width=\"112\" height=\"128\" src=\"https:\/\/steelplus.pt\/wordpress\/wp-content\/uploads\/2025\/04\/Zeiss.jpg\" class=\"attachment-full size-full wp-image-9397\" alt=\"\" \/>\t\t\t\t\t\t\t\t\t\t\t<figcaption class=\"widget-image-caption wp-caption-text\">Microsc\u00f3pio Zeiss Stemi 508<\/figcaption>\n\t\t\t\t\t\t\t\t\t\t<\/figure>\n\t\t\t\t\t\t\t\t\t<\/div>\n\t\t\t\t<\/div>\n\t\t\t\t<div class=\"elementor-element elementor-element-c1f59da elementor-widget__width-initial elementor-widget elementor-widget-image\" data-id=\"c1f59da\" data-element_type=\"widget\" data-widget_type=\"image.default\">\n\t\t\t\t<div class=\"elementor-widget-container\">\n\t\t\t\t\t\t\t\t\t\t\t\t<figure class=\"wp-caption\">\n\t\t\t\t\t\t\t\t\t\t<img decoding=\"async\" width=\"209\" height=\"131\" src=\"https:\/\/steelplus.pt\/wordpress\/wp-content\/uploads\/2025\/04\/Ultrasonic-Polishing.jpg\" class=\"attachment-full size-full wp-image-9394\" alt=\"\" \/>\t\t\t\t\t\t\t\t\t\t\t<figcaption class=\"widget-image-caption wp-caption-text\">Polimento por ultra-sons<\/figcaption>\n\t\t\t\t\t\t\t\t\t\t<\/figure>\n\t\t\t\t\t\t\t\t\t<\/div>\n\t\t\t\t<\/div>\n\t\t\t\t<\/div>\n\t\t<div class=\"elementor-element elementor-element-cd48ce0 e-con-full e-flex e-con e-child\" data-id=\"cd48ce0\" data-element_type=\"container\">\n\t\t\t\t<div class=\"elementor-element elementor-element-e6242e4 elementor-widget__width-initial elementor-widget elementor-widget-image\" data-id=\"e6242e4\" data-element_type=\"widget\" data-widget_type=\"image.default\">\n\t\t\t\t<div class=\"elementor-widget-container\">\n\t\t\t\t\t\t\t\t\t\t\t\t<figure class=\"wp-caption\">\n\t\t\t\t\t\t\t\t\t\t<img loading=\"lazy\" decoding=\"async\" width=\"187\" height=\"105\" src=\"https:\/\/steelplus.pt\/wordpress\/wp-content\/uploads\/2025\/04\/Fanuc.jpg\" class=\"attachment-full size-full wp-image-9388\" alt=\"\" \/>\t\t\t\t\t\t\t\t\t\t\t<figcaption class=\"widget-image-caption wp-caption-text\">Fanuc Roboshot Alpha<\/figcaption>\n\t\t\t\t\t\t\t\t\t\t<\/figure>\n\t\t\t\t\t\t\t\t\t<\/div>\n\t\t\t\t<\/div>\n\t\t\t\t<div class=\"elementor-element elementor-element-e063b59 elementor-widget__width-initial elementor-widget elementor-widget-image\" data-id=\"e063b59\" data-element_type=\"widget\" data-widget_type=\"image.default\">\n\t\t\t\t<div class=\"elementor-widget-container\">\n\t\t\t\t\t\t\t\t\t\t\t\t<figure class=\"wp-caption\">\n\t\t\t\t\t\t\t\t\t\t<img loading=\"lazy\" decoding=\"async\" width=\"140\" height=\"155\" src=\"https:\/\/steelplus.pt\/wordpress\/wp-content\/uploads\/2025\/04\/Trumpf-Laser.jpg\" class=\"attachment-full size-full wp-image-9391\" alt=\"\" \/>\t\t\t\t\t\t\t\t\t\t\t<figcaption class=\"widget-image-caption wp-caption-text\">Laser Trumpf<\/figcaption>\n\t\t\t\t\t\t\t\t\t\t<\/figure>\n\t\t\t\t\t\t\t\t\t<\/div>\n\t\t\t\t<\/div>\n\t\t\t\t<\/div>\n\t\t            <\/div>\r\n        <\/div>\r\n        \t\t\t<\/div>\n\t\t<\/section>\n\t\t\t\t<\/div>\n\t\t","protected":false},"excerpt":{"rendered":"<p>Sala limpa Precis\u00e3o num espa\u00e7o limpo A nossa Sala Limpa \u00e9 um espa\u00e7o fechado com um sistemaAVAC avan\u00e7ado equipado com tecnologia de ponta,criando condi\u00e7\u00f5es ideais para o desenvolvimento e acabamentode moldes especializados que exigem rigorosos padr\u00f5essanit\u00e1rios e ambientais (ISO 7). Conte\u00fado da sala limpa M\u00e1quina de Inje\u00e7\u00e3o 2k (Fanuc Roboshot Alpha) Laser TRUMPF para micro [&hellip;]<\/p>\n","protected":false},"author":1,"featured_media":0,"parent":0,"menu_order":0,"comment_status":"closed","ping_status":"closed","template":"","meta":{"footnotes":""},"class_list":["post-9569","page","type-page","status-publish","hentry"],"yoast_head":"<!-- This site is optimized with the Yoast SEO plugin v25.4 - https:\/\/yoast.com\/wordpress\/plugins\/seo\/ -->\n<title>Sala limpa - SteelPlus<\/title>\n<meta name=\"robots\" content=\"index, follow, max-snippet:-1, max-image-preview:large, max-video-preview:-1\" \/>\n<link rel=\"canonical\" href=\"https:\/\/steelplus.pt\/pt-pt\/sala-limpa\/\" \/>\n<meta property=\"og:locale\" content=\"pt_PT\" \/>\n<meta property=\"og:type\" content=\"article\" \/>\n<meta property=\"og:title\" content=\"Sala limpa - SteelPlus\" \/>\n<meta property=\"og:description\" content=\"Sala limpa Precis\u00e3o num espa\u00e7o limpo A nossa Sala Limpa \u00e9 um espa\u00e7o fechado com um sistemaAVAC avan\u00e7ado equipado com tecnologia de ponta,criando condi\u00e7\u00f5es ideais para o desenvolvimento e acabamentode moldes especializados que exigem rigorosos padr\u00f5essanit\u00e1rios e ambientais (ISO 7). Conte\u00fado da sala limpa M\u00e1quina de Inje\u00e7\u00e3o 2k (Fanuc Roboshot Alpha) Laser TRUMPF para micro [&hellip;]\" \/>\n<meta property=\"og:url\" content=\"https:\/\/steelplus.pt\/pt-pt\/sala-limpa\/\" \/>\n<meta property=\"og:site_name\" content=\"SteelPlus\" \/>\n<meta property=\"article:modified_time\" content=\"2025-07-29T11:31:50+00:00\" \/>\n<meta property=\"og:image\" content=\"https:\/\/steelplus.pt\/wordpress\/wp-content\/uploads\/2025\/04\/Clean-Room.jpg\" \/>\n<meta name=\"twitter:card\" content=\"summary_large_image\" \/>\n<meta name=\"twitter:label1\" content=\"Tempo estimado de leitura\" \/>\n\t<meta name=\"twitter:data1\" content=\"1 minuto\" \/>\n<script type=\"application\/ld+json\" class=\"yoast-schema-graph\">{\"@context\":\"https:\/\/schema.org\",\"@graph\":[{\"@type\":\"WebPage\",\"@id\":\"https:\/\/steelplus.pt\/pt-pt\/sala-limpa\/\",\"url\":\"https:\/\/steelplus.pt\/pt-pt\/sala-limpa\/\",\"name\":\"Sala limpa - SteelPlus\",\"isPartOf\":{\"@id\":\"https:\/\/steelplus.pt\/pt-pt\/#website\"},\"primaryImageOfPage\":{\"@id\":\"https:\/\/steelplus.pt\/pt-pt\/sala-limpa\/#primaryimage\"},\"image\":{\"@id\":\"https:\/\/steelplus.pt\/pt-pt\/sala-limpa\/#primaryimage\"},\"thumbnailUrl\":\"https:\/\/steelplus.pt\/wordpress\/wp-content\/uploads\/2025\/04\/Clean-Room.jpg\",\"datePublished\":\"2025-04-24T08:27:22+00:00\",\"dateModified\":\"2025-07-29T11:31:50+00:00\",\"breadcrumb\":{\"@id\":\"https:\/\/steelplus.pt\/pt-pt\/sala-limpa\/#breadcrumb\"},\"inLanguage\":\"pt-PT\",\"potentialAction\":[{\"@type\":\"ReadAction\",\"target\":[\"https:\/\/steelplus.pt\/pt-pt\/sala-limpa\/\"]}]},{\"@type\":\"ImageObject\",\"inLanguage\":\"pt-PT\",\"@id\":\"https:\/\/steelplus.pt\/pt-pt\/sala-limpa\/#primaryimage\",\"url\":\"https:\/\/steelplus.pt\/wordpress\/wp-content\/uploads\/2025\/04\/Clean-Room.jpg\",\"contentUrl\":\"https:\/\/steelplus.pt\/wordpress\/wp-content\/uploads\/2025\/04\/Clean-Room.jpg\"},{\"@type\":\"BreadcrumbList\",\"@id\":\"https:\/\/steelplus.pt\/pt-pt\/sala-limpa\/#breadcrumb\",\"itemListElement\":[{\"@type\":\"ListItem\",\"position\":1,\"name\":\"In\u00edcio\",\"item\":\"https:\/\/steelplus.pt\/pt-pt\/inicio\/\"},{\"@type\":\"ListItem\",\"position\":2,\"name\":\"Sala limpa\"}]},{\"@type\":\"WebSite\",\"@id\":\"https:\/\/steelplus.pt\/pt-pt\/#website\",\"url\":\"https:\/\/steelplus.pt\/pt-pt\/\",\"name\":\"SteelPlus\",\"description\":\"\",\"publisher\":{\"@id\":\"https:\/\/steelplus.pt\/pt-pt\/#organization\"},\"potentialAction\":[{\"@type\":\"SearchAction\",\"target\":{\"@type\":\"EntryPoint\",\"urlTemplate\":\"https:\/\/steelplus.pt\/pt-pt\/?s={search_term_string}\"},\"query-input\":{\"@type\":\"PropertyValueSpecification\",\"valueRequired\":true,\"valueName\":\"search_term_string\"}}],\"inLanguage\":\"pt-PT\"},{\"@type\":\"Organization\",\"@id\":\"https:\/\/steelplus.pt\/pt-pt\/#organization\",\"name\":\"SteelPlus\",\"url\":\"https:\/\/steelplus.pt\/pt-pt\/\",\"logo\":{\"@type\":\"ImageObject\",\"inLanguage\":\"pt-PT\",\"@id\":\"https:\/\/steelplus.pt\/pt-pt\/#\/schema\/logo\/image\/\",\"url\":\"https:\/\/steelplus.pt\/wordpress\/wp-content\/uploads\/2024\/05\/Grupo-176.png\",\"contentUrl\":\"https:\/\/steelplus.pt\/wordpress\/wp-content\/uploads\/2024\/05\/Grupo-176.png\",\"width\":215,\"height\":40,\"caption\":\"SteelPlus\"},\"image\":{\"@id\":\"https:\/\/steelplus.pt\/pt-pt\/#\/schema\/logo\/image\/\"}}]}<\/script>\n<!-- \/ Yoast SEO plugin. -->","yoast_head_json":{"title":"Sala limpa - SteelPlus","robots":{"index":"index","follow":"follow","max-snippet":"max-snippet:-1","max-image-preview":"max-image-preview:large","max-video-preview":"max-video-preview:-1"},"canonical":"https:\/\/steelplus.pt\/pt-pt\/sala-limpa\/","og_locale":"pt_PT","og_type":"article","og_title":"Sala limpa - SteelPlus","og_description":"Sala limpa Precis\u00e3o num espa\u00e7o limpo A nossa Sala Limpa \u00e9 um espa\u00e7o fechado com um sistemaAVAC avan\u00e7ado equipado com tecnologia de ponta,criando condi\u00e7\u00f5es ideais para o desenvolvimento e acabamentode moldes especializados que exigem rigorosos padr\u00f5essanit\u00e1rios e ambientais (ISO 7). Conte\u00fado da sala limpa M\u00e1quina de Inje\u00e7\u00e3o 2k (Fanuc Roboshot Alpha) Laser TRUMPF para micro [&hellip;]","og_url":"https:\/\/steelplus.pt\/pt-pt\/sala-limpa\/","og_site_name":"SteelPlus","article_modified_time":"2025-07-29T11:31:50+00:00","og_image":[{"url":"https:\/\/steelplus.pt\/wordpress\/wp-content\/uploads\/2025\/04\/Clean-Room.jpg","type":"","width":"","height":""}],"twitter_card":"summary_large_image","twitter_misc":{"Tempo estimado de leitura":"1 minuto"},"schema":{"@context":"https:\/\/schema.org","@graph":[{"@type":"WebPage","@id":"https:\/\/steelplus.pt\/pt-pt\/sala-limpa\/","url":"https:\/\/steelplus.pt\/pt-pt\/sala-limpa\/","name":"Sala limpa - SteelPlus","isPartOf":{"@id":"https:\/\/steelplus.pt\/pt-pt\/#website"},"primaryImageOfPage":{"@id":"https:\/\/steelplus.pt\/pt-pt\/sala-limpa\/#primaryimage"},"image":{"@id":"https:\/\/steelplus.pt\/pt-pt\/sala-limpa\/#primaryimage"},"thumbnailUrl":"https:\/\/steelplus.pt\/wordpress\/wp-content\/uploads\/2025\/04\/Clean-Room.jpg","datePublished":"2025-04-24T08:27:22+00:00","dateModified":"2025-07-29T11:31:50+00:00","breadcrumb":{"@id":"https:\/\/steelplus.pt\/pt-pt\/sala-limpa\/#breadcrumb"},"inLanguage":"pt-PT","potentialAction":[{"@type":"ReadAction","target":["https:\/\/steelplus.pt\/pt-pt\/sala-limpa\/"]}]},{"@type":"ImageObject","inLanguage":"pt-PT","@id":"https:\/\/steelplus.pt\/pt-pt\/sala-limpa\/#primaryimage","url":"https:\/\/steelplus.pt\/wordpress\/wp-content\/uploads\/2025\/04\/Clean-Room.jpg","contentUrl":"https:\/\/steelplus.pt\/wordpress\/wp-content\/uploads\/2025\/04\/Clean-Room.jpg"},{"@type":"BreadcrumbList","@id":"https:\/\/steelplus.pt\/pt-pt\/sala-limpa\/#breadcrumb","itemListElement":[{"@type":"ListItem","position":1,"name":"In\u00edcio","item":"https:\/\/steelplus.pt\/pt-pt\/inicio\/"},{"@type":"ListItem","position":2,"name":"Sala limpa"}]},{"@type":"WebSite","@id":"https:\/\/steelplus.pt\/pt-pt\/#website","url":"https:\/\/steelplus.pt\/pt-pt\/","name":"SteelPlus","description":"","publisher":{"@id":"https:\/\/steelplus.pt\/pt-pt\/#organization"},"potentialAction":[{"@type":"SearchAction","target":{"@type":"EntryPoint","urlTemplate":"https:\/\/steelplus.pt\/pt-pt\/?s={search_term_string}"},"query-input":{"@type":"PropertyValueSpecification","valueRequired":true,"valueName":"search_term_string"}}],"inLanguage":"pt-PT"},{"@type":"Organization","@id":"https:\/\/steelplus.pt\/pt-pt\/#organization","name":"SteelPlus","url":"https:\/\/steelplus.pt\/pt-pt\/","logo":{"@type":"ImageObject","inLanguage":"pt-PT","@id":"https:\/\/steelplus.pt\/pt-pt\/#\/schema\/logo\/image\/","url":"https:\/\/steelplus.pt\/wordpress\/wp-content\/uploads\/2024\/05\/Grupo-176.png","contentUrl":"https:\/\/steelplus.pt\/wordpress\/wp-content\/uploads\/2024\/05\/Grupo-176.png","width":215,"height":40,"caption":"SteelPlus"},"image":{"@id":"https:\/\/steelplus.pt\/pt-pt\/#\/schema\/logo\/image\/"}}]}},"_links":{"self":[{"href":"https:\/\/steelplus.pt\/pt-pt\/wp-json\/wp\/v2\/pages\/9569","targetHints":{"allow":["GET"]}}],"collection":[{"href":"https:\/\/steelplus.pt\/pt-pt\/wp-json\/wp\/v2\/pages"}],"about":[{"href":"https:\/\/steelplus.pt\/pt-pt\/wp-json\/wp\/v2\/types\/page"}],"author":[{"embeddable":true,"href":"https:\/\/steelplus.pt\/pt-pt\/wp-json\/wp\/v2\/users\/1"}],"replies":[{"embeddable":true,"href":"https:\/\/steelplus.pt\/pt-pt\/wp-json\/wp\/v2\/comments?post=9569"}],"version-history":[{"count":4,"href":"https:\/\/steelplus.pt\/pt-pt\/wp-json\/wp\/v2\/pages\/9569\/revisions"}],"predecessor-version":[{"id":9693,"href":"https:\/\/steelplus.pt\/pt-pt\/wp-json\/wp\/v2\/pages\/9569\/revisions\/9693"}],"wp:attachment":[{"href":"https:\/\/steelplus.pt\/pt-pt\/wp-json\/wp\/v2\/media?parent=9569"}],"curies":[{"name":"wp","href":"https:\/\/api.w.org\/{rel}","templated":true}]}}