{"id":9573,"date":"2025-04-23T17:31:25","date_gmt":"2025-04-23T16:31:25","guid":{"rendered":"https:\/\/steelplus.pt\/visite-virtuelle\/"},"modified":"2025-07-29T12:43:23","modified_gmt":"2025-07-29T11:43:23","slug":"visite-virtuelle","status":"publish","type":"page","link":"https:\/\/steelplus.pt\/fr\/visite-virtuelle\/","title":{"rendered":"Visite virtuelle"},"content":{"rendered":"\t\t<div data-elementor-type=\"wp-page\" data-elementor-id=\"9573\" class=\"elementor elementor-9573 elementor-7882\" data-elementor-post-type=\"page\">\n\t\t\t\t        <section class=\"elementor-section elementor-top-section elementor-element elementor-element-179bb0a elementor-section-stretched elementor-section-boxed elementor-section-height-default elementor-section-height-default pxl-row-scroll-none pxl-bg-color-none pxl-section-overlay-none\" data-id=\"179bb0a\" data-element_type=\"section\" data-settings=\"{&quot;stretch_section&quot;:&quot;section-stretched&quot;,&quot;background_background&quot;:&quot;classic&quot;}\">\n\n                \n                <div class=\"elementor-container elementor-column-gap-extended \">\n                <div class=\"elementor-column elementor-col-100 elementor-top-column elementor-element elementor-element-e2966df pxl-column-none\" data-id=\"e2966df\" data-element_type=\"column\">\r\n        <div class=\"elementor-widget-wrap elementor-element-populated\">\r\n                     \r\n        \t\t<div class=\"elementor-element elementor-element-dac2565 elementor-widget elementor-widget-pxl_heading\" data-id=\"dac2565\" data-element_type=\"widget\" data-widget_type=\"pxl_heading.default\">\n\t\t\t\t<div class=\"elementor-widget-container\">\n\t\t\t\t\t<div id=\"pxl-pxl_heading-dac2565-4761\" class=\"pxl-heading px-title--default-style  \">\n\t<div class=\"pxl-heading--inner \">\n\t\t\n\t\t\t\t\t<div class=\"pxl-item--subtitle px-sub-title-default \" data-wow-delay=\"ms\">\n\t\t\t\t<span class=\"pxl-item--subtext\">\n\t\t\t\t\tVisite virtuelle \t\t\t\t<\/span>\n\t\t\t<\/div>\n\t\t\n\t\t<h3 class=\"pxl-item--title wow skewIn\" data-wow-delay=\"ms\">\n\t\t\tD\u00e9couvrez SteelPLUS, o\u00f9 que vous soyez.\t\t\n\t\t<\/h3>\n\n\t\t\n\t\t\n\t\t\t\t\n\t<\/div>\n<\/div>\t\t\t\t<\/div>\n\t\t\t\t<\/div>\n\t\t\t\t<div class=\"elementor-element elementor-element-ff325a5 elementor-widget__width-initial elementor-widget elementor-widget-pxl_text_editor\" data-id=\"ff325a5\" data-element_type=\"widget\" data-widget_type=\"pxl_text_editor.default\">\n\t\t\t\t<div class=\"elementor-widget-container\">\n\t\t\t\t\t<div class=\"pxl-text-editor\">\n\t<div class=\"pxl-item--inner \" data-wow-delay=\"ms\">\n\t\t<p>Le monde a chang\u00e9, mais SteelPLUS ne veut pas que la relation avec ses clients change !<\/p><p>En tant que fabricants portugais de moules, nous nous sommes adapt\u00e9s \u00e0 cette nouvelle r\u00e9alit\u00e9 et avons cr\u00e9\u00e9 une plateforme qui permet \u00e0 nos clients de visiter l&#8217;usine et de vivre l&#8217;ensemble du processus de fabrication des moules, sans avoir besoin de se d\u00e9placer.<\/p><p>Notre objectif n&#8217;est pas seulement d&#8217;\u00e9tablir une relation client-fournisseur typique, mais de devenir un partenaire de confiance pour nos clients. Pour y parvenir, notre nouvelle plateforme, qui comprend un portail client, vous permettra de visiter virtuellement et en toute transparence l&#8217;usine SteelPLUS afin de : <\/p><ul><li>\u00c9valuer notre capacit\u00e9 de production et nos processus ;<\/li><li>Explorer notre portefeuille de pi\u00e8ces fabriqu\u00e9es au cours des 20 derni\u00e8res ann\u00e9es et plus ;<\/li><li>Faire connaissance avec notre \u00e9quipe ;<\/li><li>Suivre la planification et le d\u00e9veloppement de vos moules ;<\/li><li>Suivre les tests en temps r\u00e9el.<\/li><\/ul><p>Pour acc\u00e9der \u00e0 la visite virtuelle et au portail client, remplissez le formulaire \u2014 l&#8217;acc\u00e8s est imm\u00e9diat !<\/p>\t\t\n\t<\/div>\n<\/div>\t\t\t\t<\/div>\n\t\t\t\t<\/div>\n\t\t\t\t<div class=\"elementor-element elementor-element-f19e253 elementor-widget elementor-widget-html\" data-id=\"f19e253\" data-element_type=\"widget\" data-widget_type=\"html.default\">\n\t\t\t\t<div class=\"elementor-widget-container\">\n\t\t\t\t\t<iframe align=\"middle\" frameborder=\"0\" height=\"1000\" scrolling=\"no\" src=\"https:\/\/mailchi.mp\/427e01a035d6\/sr5hda5vha\" width=\"1400\"><\/iframe>\t\t\t\t<\/div>\n\t\t\t\t<\/div>\n\t\t            <\/div>\r\n        <\/div>\r\n        \t\t\t<\/div>\n\t\t<\/section>\n\t\t\t\t<\/div>\n\t\t","protected":false},"excerpt":{"rendered":"<p>Visite virtuelle D\u00e9couvrez SteelPLUS, o\u00f9 que vous soyez. Le monde a chang\u00e9, mais SteelPLUS ne veut pas que la relation avec ses clients change ! En tant que fabricants portugais de moules, nous nous sommes adapt\u00e9s \u00e0 cette nouvelle r\u00e9alit\u00e9 et avons cr\u00e9\u00e9 une plateforme qui permet \u00e0 nos clients de visiter l&#8217;usine et de [&hellip;]<\/p>\n","protected":false},"author":1,"featured_media":0,"parent":0,"menu_order":0,"comment_status":"closed","ping_status":"closed","template":"","meta":{"footnotes":""},"class_list":["post-9573","page","type-page","status-publish","hentry"],"yoast_head":"<!-- This site is optimized with the Yoast SEO plugin v25.4 - https:\/\/yoast.com\/wordpress\/plugins\/seo\/ -->\n<title>Visite virtuelle - SteelPlus<\/title>\n<meta name=\"robots\" content=\"index, follow, max-snippet:-1, max-image-preview:large, max-video-preview:-1\" \/>\n<link rel=\"canonical\" href=\"https:\/\/steelplus.pt\/fr\/visite-virtuelle\/\" \/>\n<meta property=\"og:locale\" content=\"fr_FR\" \/>\n<meta property=\"og:type\" content=\"article\" \/>\n<meta property=\"og:title\" content=\"Visite virtuelle - SteelPlus\" \/>\n<meta property=\"og:description\" content=\"Visite virtuelle D\u00e9couvrez SteelPLUS, o\u00f9 que vous soyez. Le monde a chang\u00e9, mais SteelPLUS ne veut pas que la relation avec ses clients change ! En tant que fabricants portugais de moules, nous nous sommes adapt\u00e9s \u00e0 cette nouvelle r\u00e9alit\u00e9 et avons cr\u00e9\u00e9 une plateforme qui permet \u00e0 nos clients de visiter l&#8217;usine et de [&hellip;]\" \/>\n<meta property=\"og:url\" content=\"https:\/\/steelplus.pt\/fr\/visite-virtuelle\/\" \/>\n<meta property=\"og:site_name\" content=\"SteelPlus\" \/>\n<meta property=\"article:modified_time\" content=\"2025-07-29T11:43:23+00:00\" \/>\n<meta name=\"twitter:card\" content=\"summary_large_image\" \/>\n<meta name=\"twitter:label1\" content=\"Est. reading time\" \/>\n\t<meta name=\"twitter:data1\" content=\"1 minute\" \/>\n<script type=\"application\/ld+json\" class=\"yoast-schema-graph\">{\"@context\":\"https:\/\/schema.org\",\"@graph\":[{\"@type\":\"WebPage\",\"@id\":\"https:\/\/steelplus.pt\/fr\/visite-virtuelle\/\",\"url\":\"https:\/\/steelplus.pt\/fr\/visite-virtuelle\/\",\"name\":\"Visite virtuelle - SteelPlus\",\"isPartOf\":{\"@id\":\"https:\/\/steelplus.pt\/fr\/#website\"},\"datePublished\":\"2025-04-23T16:31:25+00:00\",\"dateModified\":\"2025-07-29T11:43:23+00:00\",\"breadcrumb\":{\"@id\":\"https:\/\/steelplus.pt\/fr\/visite-virtuelle\/#breadcrumb\"},\"inLanguage\":\"fr-FR\",\"potentialAction\":[{\"@type\":\"ReadAction\",\"target\":[\"https:\/\/steelplus.pt\/fr\/visite-virtuelle\/\"]}]},{\"@type\":\"BreadcrumbList\",\"@id\":\"https:\/\/steelplus.pt\/fr\/visite-virtuelle\/#breadcrumb\",\"itemListElement\":[{\"@type\":\"ListItem\",\"position\":1,\"name\":\"In\u00edcio\",\"item\":\"https:\/\/steelplus.pt\/fr\/accueil\/\"},{\"@type\":\"ListItem\",\"position\":2,\"name\":\"Visite virtuelle\"}]},{\"@type\":\"WebSite\",\"@id\":\"https:\/\/steelplus.pt\/fr\/#website\",\"url\":\"https:\/\/steelplus.pt\/fr\/\",\"name\":\"SteelPlus\",\"description\":\"\",\"publisher\":{\"@id\":\"https:\/\/steelplus.pt\/fr\/#organization\"},\"potentialAction\":[{\"@type\":\"SearchAction\",\"target\":{\"@type\":\"EntryPoint\",\"urlTemplate\":\"https:\/\/steelplus.pt\/fr\/?s={search_term_string}\"},\"query-input\":{\"@type\":\"PropertyValueSpecification\",\"valueRequired\":true,\"valueName\":\"search_term_string\"}}],\"inLanguage\":\"fr-FR\"},{\"@type\":\"Organization\",\"@id\":\"https:\/\/steelplus.pt\/fr\/#organization\",\"name\":\"SteelPlus\",\"url\":\"https:\/\/steelplus.pt\/fr\/\",\"logo\":{\"@type\":\"ImageObject\",\"inLanguage\":\"fr-FR\",\"@id\":\"https:\/\/steelplus.pt\/fr\/#\/schema\/logo\/image\/\",\"url\":\"https:\/\/steelplus.pt\/wordpress\/wp-content\/uploads\/2024\/05\/Grupo-176.png\",\"contentUrl\":\"https:\/\/steelplus.pt\/wordpress\/wp-content\/uploads\/2024\/05\/Grupo-176.png\",\"width\":215,\"height\":40,\"caption\":\"SteelPlus\"},\"image\":{\"@id\":\"https:\/\/steelplus.pt\/fr\/#\/schema\/logo\/image\/\"}}]}<\/script>\n<!-- \/ Yoast SEO plugin. -->","yoast_head_json":{"title":"Visite virtuelle - SteelPlus","robots":{"index":"index","follow":"follow","max-snippet":"max-snippet:-1","max-image-preview":"max-image-preview:large","max-video-preview":"max-video-preview:-1"},"canonical":"https:\/\/steelplus.pt\/fr\/visite-virtuelle\/","og_locale":"fr_FR","og_type":"article","og_title":"Visite virtuelle - SteelPlus","og_description":"Visite virtuelle D\u00e9couvrez SteelPLUS, o\u00f9 que vous soyez. Le monde a chang\u00e9, mais SteelPLUS ne veut pas que la relation avec ses clients change ! En tant que fabricants portugais de moules, nous nous sommes adapt\u00e9s \u00e0 cette nouvelle r\u00e9alit\u00e9 et avons cr\u00e9\u00e9 une plateforme qui permet \u00e0 nos clients de visiter l&#8217;usine et de [&hellip;]","og_url":"https:\/\/steelplus.pt\/fr\/visite-virtuelle\/","og_site_name":"SteelPlus","article_modified_time":"2025-07-29T11:43:23+00:00","twitter_card":"summary_large_image","twitter_misc":{"Est. reading time":"1 minute"},"schema":{"@context":"https:\/\/schema.org","@graph":[{"@type":"WebPage","@id":"https:\/\/steelplus.pt\/fr\/visite-virtuelle\/","url":"https:\/\/steelplus.pt\/fr\/visite-virtuelle\/","name":"Visite virtuelle - SteelPlus","isPartOf":{"@id":"https:\/\/steelplus.pt\/fr\/#website"},"datePublished":"2025-04-23T16:31:25+00:00","dateModified":"2025-07-29T11:43:23+00:00","breadcrumb":{"@id":"https:\/\/steelplus.pt\/fr\/visite-virtuelle\/#breadcrumb"},"inLanguage":"fr-FR","potentialAction":[{"@type":"ReadAction","target":["https:\/\/steelplus.pt\/fr\/visite-virtuelle\/"]}]},{"@type":"BreadcrumbList","@id":"https:\/\/steelplus.pt\/fr\/visite-virtuelle\/#breadcrumb","itemListElement":[{"@type":"ListItem","position":1,"name":"In\u00edcio","item":"https:\/\/steelplus.pt\/fr\/accueil\/"},{"@type":"ListItem","position":2,"name":"Visite virtuelle"}]},{"@type":"WebSite","@id":"https:\/\/steelplus.pt\/fr\/#website","url":"https:\/\/steelplus.pt\/fr\/","name":"SteelPlus","description":"","publisher":{"@id":"https:\/\/steelplus.pt\/fr\/#organization"},"potentialAction":[{"@type":"SearchAction","target":{"@type":"EntryPoint","urlTemplate":"https:\/\/steelplus.pt\/fr\/?s={search_term_string}"},"query-input":{"@type":"PropertyValueSpecification","valueRequired":true,"valueName":"search_term_string"}}],"inLanguage":"fr-FR"},{"@type":"Organization","@id":"https:\/\/steelplus.pt\/fr\/#organization","name":"SteelPlus","url":"https:\/\/steelplus.pt\/fr\/","logo":{"@type":"ImageObject","inLanguage":"fr-FR","@id":"https:\/\/steelplus.pt\/fr\/#\/schema\/logo\/image\/","url":"https:\/\/steelplus.pt\/wordpress\/wp-content\/uploads\/2024\/05\/Grupo-176.png","contentUrl":"https:\/\/steelplus.pt\/wordpress\/wp-content\/uploads\/2024\/05\/Grupo-176.png","width":215,"height":40,"caption":"SteelPlus"},"image":{"@id":"https:\/\/steelplus.pt\/fr\/#\/schema\/logo\/image\/"}}]}},"_links":{"self":[{"href":"https:\/\/steelplus.pt\/fr\/wp-json\/wp\/v2\/pages\/9573","targetHints":{"allow":["GET"]}}],"collection":[{"href":"https:\/\/steelplus.pt\/fr\/wp-json\/wp\/v2\/pages"}],"about":[{"href":"https:\/\/steelplus.pt\/fr\/wp-json\/wp\/v2\/types\/page"}],"author":[{"embeddable":true,"href":"https:\/\/steelplus.pt\/fr\/wp-json\/wp\/v2\/users\/1"}],"replies":[{"embeddable":true,"href":"https:\/\/steelplus.pt\/fr\/wp-json\/wp\/v2\/comments?post=9573"}],"version-history":[{"count":2,"href":"https:\/\/steelplus.pt\/fr\/wp-json\/wp\/v2\/pages\/9573\/revisions"}],"predecessor-version":[{"id":9739,"href":"https:\/\/steelplus.pt\/fr\/wp-json\/wp\/v2\/pages\/9573\/revisions\/9739"}],"wp:attachment":[{"href":"https:\/\/steelplus.pt\/fr\/wp-json\/wp\/v2\/media?parent=9573"}],"curies":[{"name":"wp","href":"https:\/\/api.w.org\/{rel}","templated":true}]}}