{"id":9572,"date":"2025-04-24T09:27:22","date_gmt":"2025-04-24T08:27:22","guid":{"rendered":"https:\/\/steelplus.pt\/salle-blanche\/"},"modified":"2025-07-29T12:31:24","modified_gmt":"2025-07-29T11:31:24","slug":"salle-blanche","status":"publish","type":"page","link":"https:\/\/steelplus.pt\/fr\/salle-blanche\/","title":{"rendered":"Salle blanche"},"content":{"rendered":"\t\t<div data-elementor-type=\"wp-page\" data-elementor-id=\"9572\" class=\"elementor elementor-9572 elementor-7942\" data-elementor-post-type=\"page\">\n\t\t\t\t        <section class=\"elementor-section elementor-top-section elementor-element elementor-element-a6ff405 elementor-section-stretched elementor-section-boxed elementor-section-height-default elementor-section-height-default pxl-row-scroll-none pxl-bg-color-none pxl-section-overlay-none\" data-id=\"a6ff405\" data-element_type=\"section\" data-settings=\"{&quot;background_background&quot;:&quot;classic&quot;,&quot;stretch_section&quot;:&quot;section-stretched&quot;}\">\n\n                \n                <div class=\"elementor-container elementor-column-gap-extended \">\n                <div class=\"elementor-column elementor-col-50 elementor-top-column elementor-element elementor-element-4dfc559 pxl-column-none\" data-id=\"4dfc559\" data-element_type=\"column\">\r\n        <div class=\"elementor-widget-wrap elementor-element-populated\">\r\n                     \r\n        \t\t<div class=\"elementor-element elementor-element-b65d2ab elementor-widget-mobile__width-initial elementor-widget elementor-widget-pxl_image\" data-id=\"b65d2ab\" data-element_type=\"widget\" data-widget_type=\"pxl_image.default\">\n\t\t\t\t<div class=\"elementor-widget-container\">\n\t\t\t\t\t\r\n<div id=\"pxl_image-b65d2ab-6144\" class=\"pxl-image-single pxl-parallax-scroll style-default \" data-wow-delay=\"ms\" data-parallax='{\"y\":30}'>\r\n    <div class=\"pxl-item--inner \" data-wow-delay=\"120ms\">\r\n        \r\n                                <div class=\"pxl-item--image\" data-parallax-value=\"\">\r\n                                                    <img fetchpriority=\"high\" decoding=\"async\" width=\"732\" height=\"863\" src=\"https:\/\/steelplus.pt\/wordpress\/wp-content\/uploads\/2025\/04\/Clean-Room.jpg\" class=\"no-lazyload attachment-full\" alt=\"\" \/>                                            <\/div>\r\n                            \r\n            <\/div>\r\n<\/div>\t\t\t\t<\/div>\n\t\t\t\t<\/div>\n\t\t            <\/div>\r\n        <\/div>\r\n                <div class=\"elementor-column elementor-col-50 elementor-top-column elementor-element elementor-element-67cc67a pxl-column-none\" data-id=\"67cc67a\" data-element_type=\"column\">\r\n        <div class=\"elementor-widget-wrap elementor-element-populated\">\r\n                     \r\n        \t\t<div class=\"elementor-element elementor-element-7374162 elementor-widget elementor-widget-pxl_heading\" data-id=\"7374162\" data-element_type=\"widget\" data-widget_type=\"pxl_heading.default\">\n\t\t\t\t<div class=\"elementor-widget-container\">\n\t\t\t\t\t<div id=\"pxl-pxl_heading-7374162-3298\" class=\"pxl-heading px-title--default-style  \">\n\t<div class=\"pxl-heading--inner \">\n\t\t\n\t\t\t\t\t<div class=\"pxl-item--subtitle px-sub-title-default \" data-wow-delay=\"ms\">\n\t\t\t\t<span class=\"pxl-item--subtext\">\n\t\t\t\t\tSalle blanche\t\t\t\t<\/span>\n\t\t\t<\/div>\n\t\t\n\t\t<h3 class=\"pxl-item--title wow skewIn\" data-wow-delay=\"ms\">\n\t\t\tPr\u00e9cision dans un espace propre\t\t\n\t\t<\/h3>\n\n\t\t\n\t\t\n\t\t\t\t\n\t<\/div>\n<\/div>\t\t\t\t<\/div>\n\t\t\t\t<\/div>\n\t\t\t\t<div class=\"elementor-element elementor-element-e1925fe elementor-widget__width-initial elementor-widget elementor-widget-pxl_text_editor\" data-id=\"e1925fe\" data-element_type=\"widget\" data-widget_type=\"pxl_text_editor.default\">\n\t\t\t\t<div class=\"elementor-widget-container\">\n\t\t\t\t\t<div class=\"pxl-text-editor\">\n\t<div class=\"pxl-item--inner \" data-wow-delay=\"ms\">\n\t\t<p>Notre Salle Blanche est un espace clos dot\u00e9 d&#8217;un syst\u00e8me CVC avanc\u00e9<br>\u00e9quip\u00e9 de technologies de pointe,<br>cr\u00e9ant des conditions optimales pour le d\u00e9veloppement et la finition<br>de moules sp\u00e9cialis\u00e9s n\u00e9cessitant des normes sanitaires et<br>environnementales strictes (ISO 7).<\/p>\t\t\n\t<\/div>\n<\/div>\t\t\t\t<\/div>\n\t\t\t\t<\/div>\n\t\t            <\/div>\r\n        <\/div>\r\n        \t\t\t<\/div>\n\t\t<\/section>\n\t\t        <section class=\"elementor-section elementor-top-section elementor-element elementor-element-c4221dd elementor-section-stretched elementor-section-boxed elementor-section-height-default elementor-section-height-default pxl-row-scroll-none pxl-bg-color-none pxl-section-overlay-none\" data-id=\"c4221dd\" data-element_type=\"section\" data-settings=\"{&quot;background_background&quot;:&quot;classic&quot;,&quot;stretch_section&quot;:&quot;section-stretched&quot;}\">\n\n                \n                <div class=\"elementor-container elementor-column-gap-extended \">\n                <div class=\"elementor-column elementor-col-50 elementor-top-column elementor-element elementor-element-b3027c4 pxl-column-none\" data-id=\"b3027c4\" data-element_type=\"column\">\r\n        <div class=\"elementor-widget-wrap elementor-element-populated\">\r\n                     \r\n        \t\t<div class=\"elementor-element elementor-element-8198d7a elementor-widget elementor-widget-pxl_heading\" data-id=\"8198d7a\" data-element_type=\"widget\" data-widget_type=\"pxl_heading.default\">\n\t\t\t\t<div class=\"elementor-widget-container\">\n\t\t\t\t\t<div id=\"pxl-pxl_heading-8198d7a-9317\" class=\"pxl-heading px-title--default-style  \">\n\t<div class=\"pxl-heading--inner \">\n\t\t\n\t\t\n\t\t<h3 class=\"pxl-item--title wow skewIn\" data-wow-delay=\"ms\">\n\t\t\tContenu de la salle blanche\t\t\n\t\t<\/h3>\n\n\t\t\n\t\t\n\t\t\t\t\n\t<\/div>\n<\/div>\t\t\t\t<\/div>\n\t\t\t\t<\/div>\n\t\t\t\t<div class=\"elementor-element elementor-element-7989553 elementor-widget__width-auto elementor-widget elementor-widget-pxl_list\" data-id=\"7989553\" data-element_type=\"widget\" data-widget_type=\"pxl_list.default\">\n\t\t\t\t<div class=\"elementor-widget-container\">\n\t\t\t\t\t    <div class=\"pxl-list pxl-list1 style-1\">\r\n                    <div class=\"pxl--item wow fadeInUp\" data-wow-delay=\"ms\">\r\n                                    <div class=\"pxl-item--icon\">\r\n                        <i aria-hidden=\"true\" class=\"fas fa-check\"><\/i>                    <\/div>\r\n                                <div class=\"pxl-item--text el-empty\">\r\n                    <a >\r\n                        <span>Machine d'injection 2k (Fanuc Roboshot Alpha)<\/span>\r\n                    <\/a>\r\n                <\/div>\r\n            <\/div>\r\n                    <div class=\"pxl--item wow fadeInUp\" data-wow-delay=\"ms\">\r\n                                    <div class=\"pxl-item--icon\">\r\n                        <i aria-hidden=\"true\" class=\"fas fa-check\"><\/i>                    <\/div>\r\n                                <div class=\"pxl-item--text el-empty\">\r\n                    <a >\r\n                        <span>Laser TRUMPF pour micro et nano \u00e9chelle pour avoir une structure fournissant des propri\u00e9t\u00e9s antibact\u00e9riennes \u00e0 la surface de l'acier<\/span>\r\n                    <\/a>\r\n                <\/div>\r\n            <\/div>\r\n                    <div class=\"pxl--item wow fadeInUp\" data-wow-delay=\"ms\">\r\n                                    <div class=\"pxl-item--icon\">\r\n                        <i aria-hidden=\"true\" class=\"fas fa-check\"><\/i>                    <\/div>\r\n                                <div class=\"pxl-item--text el-empty\">\r\n                    <a >\r\n                        <span>Microscope Zeiss<\/span>\r\n                    <\/a>\r\n                <\/div>\r\n            <\/div>\r\n                    <div class=\"pxl--item wow fadeInUp\" data-wow-delay=\"ms\">\r\n                                    <div class=\"pxl-item--icon\">\r\n                        <i aria-hidden=\"true\" class=\"fas fa-check\"><\/i>                    <\/div>\r\n                                <div class=\"pxl-item--text el-empty\">\r\n                    <a >\r\n                        <span>Projecteur de profil<\/span>\r\n                    <\/a>\r\n                <\/div>\r\n            <\/div>\r\n                    <div class=\"pxl--item wow fadeInUp\" data-wow-delay=\"ms\">\r\n                                    <div class=\"pxl-item--icon\">\r\n                        <i aria-hidden=\"true\" class=\"fas fa-check\"><\/i>                    <\/div>\r\n                                <div class=\"pxl-item--text el-empty\">\r\n                    <a >\r\n                        <span>Syst\u00e8mes de polissage optique haute performance<\/span>\r\n                    <\/a>\r\n                <\/div>\r\n            <\/div>\r\n                    <div class=\"pxl--item wow fadeInUp\" data-wow-delay=\"ms\">\r\n                                    <div class=\"pxl-item--icon\">\r\n                        <i aria-hidden=\"true\" class=\"fas fa-check\"><\/i>                    <\/div>\r\n                                <div class=\"pxl-item--text el-empty\">\r\n                    <a >\r\n                        <span>Syst\u00e8me CVC<\/span>\r\n                    <\/a>\r\n                <\/div>\r\n            <\/div>\r\n                    <div class=\"pxl--item wow fadeInUp\" data-wow-delay=\"ms\">\r\n                                    <div class=\"pxl-item--icon\">\r\n                        <i aria-hidden=\"true\" class=\"fas fa-check\"><\/i>                    <\/div>\r\n                                <div class=\"pxl-item--text el-empty\">\r\n                    <a >\r\n                        <span>Syst\u00e8me de levage pneumatique<\/span>\r\n                    <\/a>\r\n                <\/div>\r\n            <\/div>\r\n                    <div class=\"pxl--item wow fadeInUp\" data-wow-delay=\"ms\">\r\n                                    <div class=\"pxl-item--icon\">\r\n                        <i aria-hidden=\"true\" class=\"fas fa-check\"><\/i>                    <\/div>\r\n                                <div class=\"pxl-item--text el-empty\">\r\n                    <a >\r\n                        <span>Autres meubles de support st\u00e9rilis\u00e9s<\/span>\r\n                    <\/a>\r\n                <\/div>\r\n            <\/div>\r\n            <\/div>\r\n\t\t\t\t<\/div>\n\t\t\t\t<\/div>\n\t\t            <\/div>\r\n        <\/div>\r\n                <div class=\"elementor-column elementor-col-50 elementor-top-column elementor-element elementor-element-01883c6 pxl-column-none\" data-id=\"01883c6\" data-element_type=\"column\">\r\n        <div class=\"elementor-widget-wrap elementor-element-populated\">\r\n                     \r\n        <div class=\"elementor-element elementor-element-11bad83 e-con-full e-flex e-con e-child\" data-id=\"11bad83\" data-element_type=\"container\">\n\t\t\t\t<div class=\"elementor-element elementor-element-02ebfc0 elementor-widget__width-initial elementor-widget elementor-widget-image\" data-id=\"02ebfc0\" data-element_type=\"widget\" data-widget_type=\"image.default\">\n\t\t\t\t<div class=\"elementor-widget-container\">\n\t\t\t\t\t\t\t\t\t\t\t\t<figure class=\"wp-caption\">\n\t\t\t\t\t\t\t\t\t\t<img decoding=\"async\" width=\"112\" height=\"128\" src=\"https:\/\/steelplus.pt\/wordpress\/wp-content\/uploads\/2025\/04\/Zeiss.jpg\" class=\"attachment-full size-full wp-image-9396\" alt=\"\" \/>\t\t\t\t\t\t\t\t\t\t\t<figcaption class=\"widget-image-caption wp-caption-text\">Microscope Zeiss Stemi 508<\/figcaption>\n\t\t\t\t\t\t\t\t\t\t<\/figure>\n\t\t\t\t\t\t\t\t\t<\/div>\n\t\t\t\t<\/div>\n\t\t\t\t<div class=\"elementor-element elementor-element-c1f59da elementor-widget__width-initial elementor-widget elementor-widget-image\" data-id=\"c1f59da\" data-element_type=\"widget\" data-widget_type=\"image.default\">\n\t\t\t\t<div class=\"elementor-widget-container\">\n\t\t\t\t\t\t\t\t\t\t\t\t<figure class=\"wp-caption\">\n\t\t\t\t\t\t\t\t\t\t<img decoding=\"async\" width=\"209\" height=\"131\" src=\"https:\/\/steelplus.pt\/wordpress\/wp-content\/uploads\/2025\/04\/Ultrasonic-Polishing.jpg\" class=\"attachment-full size-full wp-image-9393\" alt=\"\" \/>\t\t\t\t\t\t\t\t\t\t\t<figcaption class=\"widget-image-caption wp-caption-text\">Polissage par ultrasons<\/figcaption>\n\t\t\t\t\t\t\t\t\t\t<\/figure>\n\t\t\t\t\t\t\t\t\t<\/div>\n\t\t\t\t<\/div>\n\t\t\t\t<\/div>\n\t\t<div class=\"elementor-element elementor-element-cd48ce0 e-con-full e-flex e-con e-child\" data-id=\"cd48ce0\" data-element_type=\"container\">\n\t\t\t\t<div class=\"elementor-element elementor-element-e6242e4 elementor-widget__width-initial elementor-widget elementor-widget-image\" data-id=\"e6242e4\" data-element_type=\"widget\" data-widget_type=\"image.default\">\n\t\t\t\t<div class=\"elementor-widget-container\">\n\t\t\t\t\t\t\t\t\t\t\t\t<figure class=\"wp-caption\">\n\t\t\t\t\t\t\t\t\t\t<img loading=\"lazy\" decoding=\"async\" width=\"187\" height=\"105\" src=\"https:\/\/steelplus.pt\/wordpress\/wp-content\/uploads\/2025\/04\/Fanuc.jpg\" class=\"attachment-full size-full wp-image-9387\" alt=\"\" \/>\t\t\t\t\t\t\t\t\t\t\t<figcaption class=\"widget-image-caption wp-caption-text\">Fanuc Roboshot Alpha<\/figcaption>\n\t\t\t\t\t\t\t\t\t\t<\/figure>\n\t\t\t\t\t\t\t\t\t<\/div>\n\t\t\t\t<\/div>\n\t\t\t\t<div class=\"elementor-element elementor-element-e063b59 elementor-widget__width-initial elementor-widget elementor-widget-image\" data-id=\"e063b59\" data-element_type=\"widget\" data-widget_type=\"image.default\">\n\t\t\t\t<div class=\"elementor-widget-container\">\n\t\t\t\t\t\t\t\t\t\t\t\t<figure class=\"wp-caption\">\n\t\t\t\t\t\t\t\t\t\t<img loading=\"lazy\" decoding=\"async\" width=\"140\" height=\"155\" src=\"https:\/\/steelplus.pt\/wordpress\/wp-content\/uploads\/2025\/04\/Trumpf-Laser.jpg\" class=\"attachment-full size-full wp-image-9390\" alt=\"\" \/>\t\t\t\t\t\t\t\t\t\t\t<figcaption class=\"widget-image-caption wp-caption-text\">Trumpf Laser<\/figcaption>\n\t\t\t\t\t\t\t\t\t\t<\/figure>\n\t\t\t\t\t\t\t\t\t<\/div>\n\t\t\t\t<\/div>\n\t\t\t\t<\/div>\n\t\t            <\/div>\r\n        <\/div>\r\n        \t\t\t<\/div>\n\t\t<\/section>\n\t\t\t\t<\/div>\n\t\t","protected":false},"excerpt":{"rendered":"<p>Salle blanche Pr\u00e9cision dans un espace propre Notre Salle Blanche est un espace clos dot\u00e9 d&#8217;un syst\u00e8me CVC avanc\u00e9\u00e9quip\u00e9 de technologies de pointe,cr\u00e9ant des conditions optimales pour le d\u00e9veloppement et la finitionde moules sp\u00e9cialis\u00e9s n\u00e9cessitant des normes sanitaires etenvironnementales strictes (ISO 7). Contenu de la salle blanche Machine d&#8217;injection 2k (Fanuc Roboshot Alpha) Laser TRUMPF [&hellip;]<\/p>\n","protected":false},"author":1,"featured_media":0,"parent":0,"menu_order":0,"comment_status":"closed","ping_status":"closed","template":"","meta":{"footnotes":""},"class_list":["post-9572","page","type-page","status-publish","hentry"],"yoast_head":"<!-- This site is optimized with the Yoast SEO plugin v25.4 - https:\/\/yoast.com\/wordpress\/plugins\/seo\/ -->\n<title>Salle blanche - SteelPlus<\/title>\n<meta name=\"robots\" content=\"index, follow, max-snippet:-1, max-image-preview:large, max-video-preview:-1\" \/>\n<link rel=\"canonical\" href=\"https:\/\/steelplus.pt\/fr\/salle-blanche\/\" \/>\n<meta property=\"og:locale\" content=\"fr_FR\" \/>\n<meta property=\"og:type\" content=\"article\" \/>\n<meta property=\"og:title\" content=\"Salle blanche - SteelPlus\" \/>\n<meta property=\"og:description\" content=\"Salle blanche Pr\u00e9cision dans un espace propre Notre Salle Blanche est un espace clos dot\u00e9 d&#8217;un syst\u00e8me CVC avanc\u00e9\u00e9quip\u00e9 de technologies de pointe,cr\u00e9ant des conditions optimales pour le d\u00e9veloppement et la finitionde moules sp\u00e9cialis\u00e9s n\u00e9cessitant des normes sanitaires etenvironnementales strictes (ISO 7). Contenu de la salle blanche Machine d&#8217;injection 2k (Fanuc Roboshot Alpha) Laser TRUMPF [&hellip;]\" \/>\n<meta property=\"og:url\" content=\"https:\/\/steelplus.pt\/fr\/salle-blanche\/\" \/>\n<meta property=\"og:site_name\" content=\"SteelPlus\" \/>\n<meta property=\"article:modified_time\" content=\"2025-07-29T11:31:24+00:00\" \/>\n<meta property=\"og:image\" content=\"https:\/\/steelplus.pt\/wordpress\/wp-content\/uploads\/2025\/04\/Clean-Room.jpg\" \/>\n<meta name=\"twitter:card\" content=\"summary_large_image\" \/>\n<meta name=\"twitter:label1\" content=\"Est. reading time\" \/>\n\t<meta name=\"twitter:data1\" content=\"1 minute\" \/>\n<script type=\"application\/ld+json\" class=\"yoast-schema-graph\">{\"@context\":\"https:\/\/schema.org\",\"@graph\":[{\"@type\":\"WebPage\",\"@id\":\"https:\/\/steelplus.pt\/fr\/salle-blanche\/\",\"url\":\"https:\/\/steelplus.pt\/fr\/salle-blanche\/\",\"name\":\"Salle blanche - SteelPlus\",\"isPartOf\":{\"@id\":\"https:\/\/steelplus.pt\/fr\/#website\"},\"primaryImageOfPage\":{\"@id\":\"https:\/\/steelplus.pt\/fr\/salle-blanche\/#primaryimage\"},\"image\":{\"@id\":\"https:\/\/steelplus.pt\/fr\/salle-blanche\/#primaryimage\"},\"thumbnailUrl\":\"https:\/\/steelplus.pt\/wordpress\/wp-content\/uploads\/2025\/04\/Clean-Room.jpg\",\"datePublished\":\"2025-04-24T08:27:22+00:00\",\"dateModified\":\"2025-07-29T11:31:24+00:00\",\"breadcrumb\":{\"@id\":\"https:\/\/steelplus.pt\/fr\/salle-blanche\/#breadcrumb\"},\"inLanguage\":\"fr-FR\",\"potentialAction\":[{\"@type\":\"ReadAction\",\"target\":[\"https:\/\/steelplus.pt\/fr\/salle-blanche\/\"]}]},{\"@type\":\"ImageObject\",\"inLanguage\":\"fr-FR\",\"@id\":\"https:\/\/steelplus.pt\/fr\/salle-blanche\/#primaryimage\",\"url\":\"https:\/\/steelplus.pt\/wordpress\/wp-content\/uploads\/2025\/04\/Clean-Room.jpg\",\"contentUrl\":\"https:\/\/steelplus.pt\/wordpress\/wp-content\/uploads\/2025\/04\/Clean-Room.jpg\"},{\"@type\":\"BreadcrumbList\",\"@id\":\"https:\/\/steelplus.pt\/fr\/salle-blanche\/#breadcrumb\",\"itemListElement\":[{\"@type\":\"ListItem\",\"position\":1,\"name\":\"In\u00edcio\",\"item\":\"https:\/\/steelplus.pt\/fr\/accueil\/\"},{\"@type\":\"ListItem\",\"position\":2,\"name\":\"Salle blanche\"}]},{\"@type\":\"WebSite\",\"@id\":\"https:\/\/steelplus.pt\/fr\/#website\",\"url\":\"https:\/\/steelplus.pt\/fr\/\",\"name\":\"SteelPlus\",\"description\":\"\",\"publisher\":{\"@id\":\"https:\/\/steelplus.pt\/fr\/#organization\"},\"potentialAction\":[{\"@type\":\"SearchAction\",\"target\":{\"@type\":\"EntryPoint\",\"urlTemplate\":\"https:\/\/steelplus.pt\/fr\/?s={search_term_string}\"},\"query-input\":{\"@type\":\"PropertyValueSpecification\",\"valueRequired\":true,\"valueName\":\"search_term_string\"}}],\"inLanguage\":\"fr-FR\"},{\"@type\":\"Organization\",\"@id\":\"https:\/\/steelplus.pt\/fr\/#organization\",\"name\":\"SteelPlus\",\"url\":\"https:\/\/steelplus.pt\/fr\/\",\"logo\":{\"@type\":\"ImageObject\",\"inLanguage\":\"fr-FR\",\"@id\":\"https:\/\/steelplus.pt\/fr\/#\/schema\/logo\/image\/\",\"url\":\"https:\/\/steelplus.pt\/wordpress\/wp-content\/uploads\/2024\/05\/Grupo-176.png\",\"contentUrl\":\"https:\/\/steelplus.pt\/wordpress\/wp-content\/uploads\/2024\/05\/Grupo-176.png\",\"width\":215,\"height\":40,\"caption\":\"SteelPlus\"},\"image\":{\"@id\":\"https:\/\/steelplus.pt\/fr\/#\/schema\/logo\/image\/\"}}]}<\/script>\n<!-- \/ Yoast SEO plugin. -->","yoast_head_json":{"title":"Salle blanche - SteelPlus","robots":{"index":"index","follow":"follow","max-snippet":"max-snippet:-1","max-image-preview":"max-image-preview:large","max-video-preview":"max-video-preview:-1"},"canonical":"https:\/\/steelplus.pt\/fr\/salle-blanche\/","og_locale":"fr_FR","og_type":"article","og_title":"Salle blanche - SteelPlus","og_description":"Salle blanche Pr\u00e9cision dans un espace propre Notre Salle Blanche est un espace clos dot\u00e9 d&#8217;un syst\u00e8me CVC avanc\u00e9\u00e9quip\u00e9 de technologies de pointe,cr\u00e9ant des conditions optimales pour le d\u00e9veloppement et la finitionde moules sp\u00e9cialis\u00e9s n\u00e9cessitant des normes sanitaires etenvironnementales strictes (ISO 7). Contenu de la salle blanche Machine d&#8217;injection 2k (Fanuc Roboshot Alpha) Laser TRUMPF [&hellip;]","og_url":"https:\/\/steelplus.pt\/fr\/salle-blanche\/","og_site_name":"SteelPlus","article_modified_time":"2025-07-29T11:31:24+00:00","og_image":[{"url":"https:\/\/steelplus.pt\/wordpress\/wp-content\/uploads\/2025\/04\/Clean-Room.jpg","type":"","width":"","height":""}],"twitter_card":"summary_large_image","twitter_misc":{"Est. reading time":"1 minute"},"schema":{"@context":"https:\/\/schema.org","@graph":[{"@type":"WebPage","@id":"https:\/\/steelplus.pt\/fr\/salle-blanche\/","url":"https:\/\/steelplus.pt\/fr\/salle-blanche\/","name":"Salle blanche - SteelPlus","isPartOf":{"@id":"https:\/\/steelplus.pt\/fr\/#website"},"primaryImageOfPage":{"@id":"https:\/\/steelplus.pt\/fr\/salle-blanche\/#primaryimage"},"image":{"@id":"https:\/\/steelplus.pt\/fr\/salle-blanche\/#primaryimage"},"thumbnailUrl":"https:\/\/steelplus.pt\/wordpress\/wp-content\/uploads\/2025\/04\/Clean-Room.jpg","datePublished":"2025-04-24T08:27:22+00:00","dateModified":"2025-07-29T11:31:24+00:00","breadcrumb":{"@id":"https:\/\/steelplus.pt\/fr\/salle-blanche\/#breadcrumb"},"inLanguage":"fr-FR","potentialAction":[{"@type":"ReadAction","target":["https:\/\/steelplus.pt\/fr\/salle-blanche\/"]}]},{"@type":"ImageObject","inLanguage":"fr-FR","@id":"https:\/\/steelplus.pt\/fr\/salle-blanche\/#primaryimage","url":"https:\/\/steelplus.pt\/wordpress\/wp-content\/uploads\/2025\/04\/Clean-Room.jpg","contentUrl":"https:\/\/steelplus.pt\/wordpress\/wp-content\/uploads\/2025\/04\/Clean-Room.jpg"},{"@type":"BreadcrumbList","@id":"https:\/\/steelplus.pt\/fr\/salle-blanche\/#breadcrumb","itemListElement":[{"@type":"ListItem","position":1,"name":"In\u00edcio","item":"https:\/\/steelplus.pt\/fr\/accueil\/"},{"@type":"ListItem","position":2,"name":"Salle blanche"}]},{"@type":"WebSite","@id":"https:\/\/steelplus.pt\/fr\/#website","url":"https:\/\/steelplus.pt\/fr\/","name":"SteelPlus","description":"","publisher":{"@id":"https:\/\/steelplus.pt\/fr\/#organization"},"potentialAction":[{"@type":"SearchAction","target":{"@type":"EntryPoint","urlTemplate":"https:\/\/steelplus.pt\/fr\/?s={search_term_string}"},"query-input":{"@type":"PropertyValueSpecification","valueRequired":true,"valueName":"search_term_string"}}],"inLanguage":"fr-FR"},{"@type":"Organization","@id":"https:\/\/steelplus.pt\/fr\/#organization","name":"SteelPlus","url":"https:\/\/steelplus.pt\/fr\/","logo":{"@type":"ImageObject","inLanguage":"fr-FR","@id":"https:\/\/steelplus.pt\/fr\/#\/schema\/logo\/image\/","url":"https:\/\/steelplus.pt\/wordpress\/wp-content\/uploads\/2024\/05\/Grupo-176.png","contentUrl":"https:\/\/steelplus.pt\/wordpress\/wp-content\/uploads\/2024\/05\/Grupo-176.png","width":215,"height":40,"caption":"SteelPlus"},"image":{"@id":"https:\/\/steelplus.pt\/fr\/#\/schema\/logo\/image\/"}}]}},"_links":{"self":[{"href":"https:\/\/steelplus.pt\/fr\/wp-json\/wp\/v2\/pages\/9572","targetHints":{"allow":["GET"]}}],"collection":[{"href":"https:\/\/steelplus.pt\/fr\/wp-json\/wp\/v2\/pages"}],"about":[{"href":"https:\/\/steelplus.pt\/fr\/wp-json\/wp\/v2\/types\/page"}],"author":[{"embeddable":true,"href":"https:\/\/steelplus.pt\/fr\/wp-json\/wp\/v2\/users\/1"}],"replies":[{"embeddable":true,"href":"https:\/\/steelplus.pt\/fr\/wp-json\/wp\/v2\/comments?post=9572"}],"version-history":[{"count":4,"href":"https:\/\/steelplus.pt\/fr\/wp-json\/wp\/v2\/pages\/9572\/revisions"}],"predecessor-version":[{"id":9689,"href":"https:\/\/steelplus.pt\/fr\/wp-json\/wp\/v2\/pages\/9572\/revisions\/9689"}],"wp:attachment":[{"href":"https:\/\/steelplus.pt\/fr\/wp-json\/wp\/v2\/media?parent=9572"}],"curies":[{"name":"wp","href":"https:\/\/api.w.org\/{rel}","templated":true}]}}