{"id":9511,"date":"2025-04-24T09:12:02","date_gmt":"2025-04-24T08:12:02","guid":{"rendered":"https:\/\/steelplus.pt\/politique-de-confidentialite\/"},"modified":"2025-07-29T12:39:51","modified_gmt":"2025-07-29T11:39:51","slug":"politique-de-confidentialite","status":"publish","type":"page","link":"https:\/\/steelplus.pt\/fr\/politique-de-confidentialite\/","title":{"rendered":"Politique de confidentialit\u00e9"},"content":{"rendered":"\t\t<div data-elementor-type=\"wp-page\" data-elementor-id=\"9511\" class=\"elementor elementor-9511 elementor-7923\" data-elementor-post-type=\"page\">\n\t\t\t\t<div class=\"elementor-element elementor-element-541657f e-flex e-con-boxed e-con e-parent\" data-id=\"541657f\" data-element_type=\"container\">\n\t\t\t\t\t<div class=\"e-con-inner\">\n\t\t\t\t<div class=\"elementor-element elementor-element-eae6821 elementor-widget__width-initial custom-a elementor-widget elementor-widget-pxl_text_editor\" data-id=\"eae6821\" data-element_type=\"widget\" data-widget_type=\"pxl_text_editor.default\">\n\t\t\t\t<div class=\"elementor-widget-container\">\n\t\t\t\t\t<div class=\"pxl-text-editor\">\n\t<div class=\"pxl-item--inner \" data-wow-delay=\"ms\">\n\t\t<p class=\"\" data-start=\"125\" data-end=\"250\">Veuillez lire attentivement notre Politique de cookies et notre Politique de confidentialit\u00e9.<br data-start=\"184\" data-end=\"187\">Si vous n&#8217;\u00eates pas d&#8217;accord avec celles-ci, vous ne devriez pas utiliser ce site web.<\/p><p class=\"\" data-start=\"252\" data-end=\"420\">Cette Politique de cookies et de confidentialit\u00e9 d\u00e9crit les fa\u00e7ons dont les donn\u00e9es personnelles sont collect\u00e9es et utilis\u00e9es, ainsi que les mesures de protection et de s\u00e9curit\u00e9 adopt\u00e9es dans leur traitement.<\/p><p class=\"\" data-start=\"422\" data-end=\"893\">La soci\u00e9t\u00e9, au nom de <strong>SteelPLUS &#8211; Moldes T\u00e9cnicos, Lda<\/strong>, num\u00e9ro d&#8217;identification fiscale <strong data-start=\"524\" data-end=\"537\">505339943<\/strong>, ci-apr\u00e8s d\u00e9nomm\u00e9e <strong data-start=\"566\" data-end=\"579\">Steelplus<\/strong>, reconna\u00eet l&#8217;importance de la confidentialit\u00e9. Nous ne vendrons jamais vos informations \u00e0 des tiers, qu&#8217;il s&#8217;agisse de particuliers ou d&#8217;entreprises.<br data-start=\"706\" data-end=\"709\">Le site web <a class=\"\" href=\"https:\/\/steelplus.pt\/fr\/\" target=\"_new\" rel=\"noopener\" data-start=\"721\" data-end=\"765\">https:\/\/steelplus.pt<\/a> appartient \u00e0 <strong data-start=\"778\" data-end=\"791\">Steelplus<\/strong>, dont le si\u00e8ge social est situ\u00e9 \u00e0 <strong data-start=\"810\" data-end=\"892\">Zona Industrial do Rossio, Travessa 3, n.\u00ba 140, 3730-601 Vila Cova de Perrinho<\/strong>. <\/p><p class=\"\" data-start=\"895\" data-end=\"912\"><strong data-start=\"895\" data-end=\"912\">POLITIQUE DE COOKIES<\/strong><\/p><p class=\"\" data-start=\"914\" data-end=\"2201\">Steelplus utilise des cookies pour vous offrir un meilleur service et une meilleure exp\u00e9rience en tant qu&#8217;utilisateur de notre site. En naviguant sur notre site, vous acceptez l&#8217;utilisation de cookies. <br data-start=\"1066\" data-end=\"1069\">Pour garantir que notre site offre une bonne exp\u00e9rience de navigation et fournit un service plus personnalis\u00e9, notre serveur utilise des cookies (petits fichiers d&#8217;information) pour collecter et stocker des informations.<br data-start=\"1252\" data-end=\"1255\">Si vous le souhaitez, vous pouvez d\u00e9sactiver ce param\u00e8tre dans votre navigateur, ce qui peut limiter l&#8217;acc\u00e8s \u00e0 certaines zones du site ou emp\u00eacher la diffusion d&#8217;informations personnalis\u00e9es.<br data-start=\"1423\" data-end=\"1426\">L&#8217;utilisation de cookies est une pratique courante sur la plupart des sites web, visant \u00e0 faire gagner du temps aux utilisateurs et \u00e0 faciliter la navigation.<br data-start=\"1531\" data-end=\"1534\">Steelplus peut utiliser des cookies pour collecter des informations lors de votre visite sur le site, telles que les zones que vous visitez et les activit\u00e9s que vous effectuez. Ces fichiers sont utilis\u00e9s pour \u00e9viter de demander au visiteur de saisir \u00e0 plusieurs reprises des informations personnelles, simplifier la navigation et personnaliser le service. Les cookies peuvent aider lors de l&#8217;utilisation future de l&#8217;application. Comme l&#8217;ordinateur peut identifier les informations pr\u00e9c\u00e9demment fournies, il ne les demandera pas \u00e0 nouveau.<br data-start=\"1967\" data-end=\"1970\">L&#8217;utilisateur peut accepter ou supprimer les cookies. La plupart des navigateurs ou des applications de navigation sur Internet acceptent automatiquement les cookies. Si l&#8217;utilisateur ne souhaite pas utiliser de cookies, il doit modifier les param\u00e8tres de son navigateur concernant l&#8217;acceptation des cookies.     <\/p><p class=\"\" data-start=\"2203\" data-end=\"2221\"><strong data-start=\"2203\" data-end=\"2221\">POLITIQUE DE CONFIDENTIALIT\u00c9<\/strong><\/p><p class=\"\" data-start=\"2223\" data-end=\"2744\"><strong data-start=\"2223\" data-end=\"2249\">Collecte d&#8217;informations<\/strong><br data-start=\"2249\" data-end=\"2252\">Chaque fois qu&#8217;il est n\u00e9cessaire de collecter des informations personnelles, leur utilisation sera conforme \u00e0 la l\u00e9gislation applicable, notamment le R\u00e8glement (UE) 2016\/679 du Parlement europ\u00e9en et du Conseil du 27 avril 2016. La personne concern\u00e9e se voit garantir le droit d&#8217;acc\u00e8s, de rectification, de modification, de suppression et de portabilit\u00e9 de ses donn\u00e9es personnelles sur demande \u00e9crite adress\u00e9e \u00e0 l&#8217;entit\u00e9 responsable, envoy\u00e9e par courrier recommand\u00e9 \u00e0 l&#8217;adresse ci-dessus ou par e-mail \u00e0 <a class=\"cursor-pointer\" rel=\"noopener\" data-start=\"2692\" data-end=\"2741\">moldes@steelplus.pt<\/a>. <\/p><p class=\"\" data-start=\"2746\" data-end=\"2848\">La personne concern\u00e9e peut \u00e9galement d\u00e9poser une plainte aupr\u00e8s de la CNPD ou d&#8217;une autre autorit\u00e9 de contr\u00f4le nationale.<\/p><p class=\"\" data-start=\"2850\" data-end=\"3220\">Toutes les informations sont fournies volontairement via le site web, les formulaires en ligne, les enqu\u00eates, les promotions de services et\/ou les tirages au sort. Steelplus collecte des donn\u00e9es personnelles telles que les noms, adresses, e-mails, num\u00e9ros de t\u00e9l\u00e9phone, adresses IP, informations d\u00e9mographiques et de style de vie aux fins d\u00e9crites ci-dessous. Steelplus est l&#8217;entit\u00e9 responsable de la collecte et du traitement des donn\u00e9es personnelles.  <\/p><p class=\"\" data-start=\"3222\" data-end=\"3810\"><strong data-start=\"3222\" data-end=\"3254\">Utilisation des informations collect\u00e9es<\/strong><br data-start=\"3254\" data-end=\"3257\">Steelplus s&#8217;engage \u00e0 respecter les lois sur la protection des donn\u00e9es en vigueur au Portugal.<br data-start=\"3340\" data-end=\"3343\">Les informations obtenues peuvent \u00eatre utilis\u00e9es par Steelplus pour envoyer du mat\u00e9riel marketing ou pour des actions commerciales d\u00e9velopp\u00e9es \u00e0 cet effet.<br data-start=\"3474\" data-end=\"3477\">Les donn\u00e9es collect\u00e9es sont exclusivement destin\u00e9es \u00e0 l&#8217;usage interne de Steelplus pour r\u00e9pondre aux demandes faites via ce site web, et la confidentialit\u00e9 des utilisateurs et la protection des donn\u00e9es sont assur\u00e9es.<br data-start=\"3645\" data-end=\"3648\">Steelplus peut partager les donn\u00e9es des utilisateurs avec d&#8217;autres entreprises lorsque cela est n\u00e9cessaire pour fournir un produit ou un service, en s&#8217;assurant que seules les informations minimales n\u00e9cessaires sont partag\u00e9es.<\/p><p class=\"\" data-start=\"3812\" data-end=\"4158\"><strong data-start=\"3812\" data-end=\"3860\">Droit d&#8217;acc\u00e8s, de rectification, d&#8217;annulation et d&#8217;opposition<\/strong><br data-start=\"3860\" data-end=\"3863\">Conform\u00e9ment au R\u00e8glement (UE) 2016\/679, toute personne peut demander l&#8217;acc\u00e8s \u00e0 ses donn\u00e9es personnelles, en conna\u00eetre le contenu, demander leur rectification, leur mise \u00e0 jour ou leur suppression par demande \u00e9crite adress\u00e9e au Responsable du traitement des donn\u00e9es \u00e0 l&#8217;adresse e-mail suivante : <a class=\"cursor-pointer\" rel=\"noopener\" data-start=\"4108\" data-end=\"4157\">moldes@steelplus.pt<\/a>.<\/p><p class=\"\" data-start=\"4160\" data-end=\"4585\"><strong data-start=\"4160\" data-end=\"4192\">S\u00e9curit\u00e9 et protection des donn\u00e9es<\/strong><br data-start=\"4192\" data-end=\"4195\">Steelplus s&#8217;engage \u00e0 adopter les mesures de s\u00e9curit\u00e9 n\u00e9cessaires pour prot\u00e9ger les donn\u00e9es personnelles des utilisateurs contre toute utilisation abusive ou acc\u00e8s non autoris\u00e9.<br data-start=\"4331\" data-end=\"4334\">Cependant, comme Internet n&#8217;est pas un moyen de communication totalement s\u00e9curis\u00e9, Steelplus ne peut garantir la s\u00e9curit\u00e9 de toute information divulgu\u00e9e en ligne ni \u00eatre tenu responsable des pertes ou dommages r\u00e9sultant de la perte de confidentialit\u00e9 des informations.<\/p><p class=\"\" data-start=\"4587\" data-end=\"4930\"><strong data-start=\"4587\" data-end=\"4605\">Responsabilit\u00e9<\/strong><br data-start=\"4605\" data-end=\"4608\">Ce site web peut contenir des liens qui redirigent les utilisateurs vers d&#8217;autres pages web en dehors du domaine de Steelplus, qui peuvent collecter des donn\u00e9es ou demander des informations personnelles. Cette Politique de confidentialit\u00e9 ne s&#8217;applique pas aux sites web tiers ; les utilisateurs doivent lire leurs politiques de confidentialit\u00e9, et Steelplus n&#8217;est pas responsable de leur contenu ou de leurs informations. <\/p><p class=\"\" data-start=\"4932\" data-end=\"5194\"><strong data-start=\"4932\" data-end=\"4965\">Accord avec la Politique de confidentialit\u00e9<\/strong><br data-start=\"4965\" data-end=\"4968\">Il est entendu que l&#8217;utilisateur accepte les termes de cette politique de confidentialit\u00e9 en soumettant ses donn\u00e9es. Le remplissage des formulaires implique le consentement de l&#8217;utilisateur au traitement automatis\u00e9 et \u00e0 l&#8217;utilisation de ses donn\u00e9es dans les conditions d\u00e9crites ici. <\/p><p class=\"\" data-start=\"5196\" data-end=\"5465\"><strong data-start=\"5196\" data-end=\"5229\">Modifications de la Politique de confidentialit\u00e9<\/strong><br data-start=\"5229\" data-end=\"5232\">Steelplus se r\u00e9serve le droit de mettre \u00e0 jour ou de r\u00e9viser cette Politique de confidentialit\u00e9 \u00e0 tout moment pour l&#8217;adapter aux changements l\u00e9gislatifs et\/ou autres conditions. Tout changement sera publi\u00e9 ici, les utilisateurs doivent donc v\u00e9rifier r\u00e9guli\u00e8rement cette page pour rester inform\u00e9s. <\/p><p class=\"\" data-start=\"5467\" data-end=\"5504\"><strong data-start=\"5467\" data-end=\"5504\">Vila Cova de Perrinho, avril 2025<\/strong><\/p>\t\t\n\t<\/div>\n<\/div>\t\t\t\t<\/div>\n\t\t\t\t<\/div>\n\t\t\t\t\t<\/div>\n\t\t\t\t<\/div>\n\t\t\t\t<\/div>\n\t\t","protected":false},"excerpt":{"rendered":"<p>Veuillez lire attentivement notre Politique de cookies et notre Politique de confidentialit\u00e9.Si vous n&#8217;\u00eates pas d&#8217;accord avec celles-ci, vous ne devriez pas utiliser ce site web. Cette Politique de cookies et de confidentialit\u00e9 d\u00e9crit les fa\u00e7ons dont les donn\u00e9es personnelles sont collect\u00e9es et utilis\u00e9es, ainsi que les mesures de protection et de s\u00e9curit\u00e9 adopt\u00e9es dans [&hellip;]<\/p>\n","protected":false},"author":1,"featured_media":0,"parent":0,"menu_order":0,"comment_status":"closed","ping_status":"closed","template":"","meta":{"footnotes":""},"class_list":["post-9511","page","type-page","status-publish","hentry"],"yoast_head":"<!-- This site is optimized with the Yoast SEO plugin v25.4 - https:\/\/yoast.com\/wordpress\/plugins\/seo\/ -->\n<title>Politique de confidentialit\u00e9 - SteelPlus<\/title>\n<meta name=\"robots\" content=\"index, follow, max-snippet:-1, max-image-preview:large, max-video-preview:-1\" \/>\n<link rel=\"canonical\" href=\"https:\/\/steelplus.pt\/fr\/politique-de-confidentialite\/\" \/>\n<meta property=\"og:locale\" content=\"fr_FR\" \/>\n<meta property=\"og:type\" content=\"article\" \/>\n<meta property=\"og:title\" content=\"Politique de confidentialit\u00e9 - SteelPlus\" \/>\n<meta property=\"og:description\" content=\"Veuillez lire attentivement notre Politique de cookies et notre Politique de confidentialit\u00e9.Si vous n&#8217;\u00eates pas d&#8217;accord avec celles-ci, vous ne devriez pas utiliser ce site web. Cette Politique de cookies et de confidentialit\u00e9 d\u00e9crit les fa\u00e7ons dont les donn\u00e9es personnelles sont collect\u00e9es et utilis\u00e9es, ainsi que les mesures de protection et de s\u00e9curit\u00e9 adopt\u00e9es dans [&hellip;]\" \/>\n<meta property=\"og:url\" content=\"https:\/\/steelplus.pt\/fr\/politique-de-confidentialite\/\" \/>\n<meta property=\"og:site_name\" content=\"SteelPlus\" \/>\n<meta property=\"article:modified_time\" content=\"2025-07-29T11:39:51+00:00\" \/>\n<meta name=\"twitter:card\" content=\"summary_large_image\" \/>\n<meta name=\"twitter:label1\" content=\"Est. reading time\" \/>\n\t<meta name=\"twitter:data1\" content=\"5 minutes\" \/>\n<script type=\"application\/ld+json\" class=\"yoast-schema-graph\">{\"@context\":\"https:\/\/schema.org\",\"@graph\":[{\"@type\":\"WebPage\",\"@id\":\"https:\/\/steelplus.pt\/fr\/politique-de-confidentialite\/\",\"url\":\"https:\/\/steelplus.pt\/fr\/politique-de-confidentialite\/\",\"name\":\"Politique de confidentialit\u00e9 - SteelPlus\",\"isPartOf\":{\"@id\":\"https:\/\/steelplus.pt\/fr\/#website\"},\"datePublished\":\"2025-04-24T08:12:02+00:00\",\"dateModified\":\"2025-07-29T11:39:51+00:00\",\"breadcrumb\":{\"@id\":\"https:\/\/steelplus.pt\/fr\/politique-de-confidentialite\/#breadcrumb\"},\"inLanguage\":\"fr-FR\",\"potentialAction\":[{\"@type\":\"ReadAction\",\"target\":[\"https:\/\/steelplus.pt\/fr\/politique-de-confidentialite\/\"]}]},{\"@type\":\"BreadcrumbList\",\"@id\":\"https:\/\/steelplus.pt\/fr\/politique-de-confidentialite\/#breadcrumb\",\"itemListElement\":[{\"@type\":\"ListItem\",\"position\":1,\"name\":\"In\u00edcio\",\"item\":\"https:\/\/steelplus.pt\/fr\/accueil\/\"},{\"@type\":\"ListItem\",\"position\":2,\"name\":\"Politique de confidentialit\u00e9\"}]},{\"@type\":\"WebSite\",\"@id\":\"https:\/\/steelplus.pt\/fr\/#website\",\"url\":\"https:\/\/steelplus.pt\/fr\/\",\"name\":\"SteelPlus\",\"description\":\"\",\"publisher\":{\"@id\":\"https:\/\/steelplus.pt\/fr\/#organization\"},\"potentialAction\":[{\"@type\":\"SearchAction\",\"target\":{\"@type\":\"EntryPoint\",\"urlTemplate\":\"https:\/\/steelplus.pt\/fr\/?s={search_term_string}\"},\"query-input\":{\"@type\":\"PropertyValueSpecification\",\"valueRequired\":true,\"valueName\":\"search_term_string\"}}],\"inLanguage\":\"fr-FR\"},{\"@type\":\"Organization\",\"@id\":\"https:\/\/steelplus.pt\/fr\/#organization\",\"name\":\"SteelPlus\",\"url\":\"https:\/\/steelplus.pt\/fr\/\",\"logo\":{\"@type\":\"ImageObject\",\"inLanguage\":\"fr-FR\",\"@id\":\"https:\/\/steelplus.pt\/fr\/#\/schema\/logo\/image\/\",\"url\":\"https:\/\/steelplus.pt\/wordpress\/wp-content\/uploads\/2024\/05\/Grupo-176.png\",\"contentUrl\":\"https:\/\/steelplus.pt\/wordpress\/wp-content\/uploads\/2024\/05\/Grupo-176.png\",\"width\":215,\"height\":40,\"caption\":\"SteelPlus\"},\"image\":{\"@id\":\"https:\/\/steelplus.pt\/fr\/#\/schema\/logo\/image\/\"}}]}<\/script>\n<!-- \/ Yoast SEO plugin. -->","yoast_head_json":{"title":"Politique de confidentialit\u00e9 - SteelPlus","robots":{"index":"index","follow":"follow","max-snippet":"max-snippet:-1","max-image-preview":"max-image-preview:large","max-video-preview":"max-video-preview:-1"},"canonical":"https:\/\/steelplus.pt\/fr\/politique-de-confidentialite\/","og_locale":"fr_FR","og_type":"article","og_title":"Politique de confidentialit\u00e9 - SteelPlus","og_description":"Veuillez lire attentivement notre Politique de cookies et notre Politique de confidentialit\u00e9.Si vous n&#8217;\u00eates pas d&#8217;accord avec celles-ci, vous ne devriez pas utiliser ce site web. Cette Politique de cookies et de confidentialit\u00e9 d\u00e9crit les fa\u00e7ons dont les donn\u00e9es personnelles sont collect\u00e9es et utilis\u00e9es, ainsi que les mesures de protection et de s\u00e9curit\u00e9 adopt\u00e9es dans [&hellip;]","og_url":"https:\/\/steelplus.pt\/fr\/politique-de-confidentialite\/","og_site_name":"SteelPlus","article_modified_time":"2025-07-29T11:39:51+00:00","twitter_card":"summary_large_image","twitter_misc":{"Est. reading time":"5 minutes"},"schema":{"@context":"https:\/\/schema.org","@graph":[{"@type":"WebPage","@id":"https:\/\/steelplus.pt\/fr\/politique-de-confidentialite\/","url":"https:\/\/steelplus.pt\/fr\/politique-de-confidentialite\/","name":"Politique de confidentialit\u00e9 - SteelPlus","isPartOf":{"@id":"https:\/\/steelplus.pt\/fr\/#website"},"datePublished":"2025-04-24T08:12:02+00:00","dateModified":"2025-07-29T11:39:51+00:00","breadcrumb":{"@id":"https:\/\/steelplus.pt\/fr\/politique-de-confidentialite\/#breadcrumb"},"inLanguage":"fr-FR","potentialAction":[{"@type":"ReadAction","target":["https:\/\/steelplus.pt\/fr\/politique-de-confidentialite\/"]}]},{"@type":"BreadcrumbList","@id":"https:\/\/steelplus.pt\/fr\/politique-de-confidentialite\/#breadcrumb","itemListElement":[{"@type":"ListItem","position":1,"name":"In\u00edcio","item":"https:\/\/steelplus.pt\/fr\/accueil\/"},{"@type":"ListItem","position":2,"name":"Politique de confidentialit\u00e9"}]},{"@type":"WebSite","@id":"https:\/\/steelplus.pt\/fr\/#website","url":"https:\/\/steelplus.pt\/fr\/","name":"SteelPlus","description":"","publisher":{"@id":"https:\/\/steelplus.pt\/fr\/#organization"},"potentialAction":[{"@type":"SearchAction","target":{"@type":"EntryPoint","urlTemplate":"https:\/\/steelplus.pt\/fr\/?s={search_term_string}"},"query-input":{"@type":"PropertyValueSpecification","valueRequired":true,"valueName":"search_term_string"}}],"inLanguage":"fr-FR"},{"@type":"Organization","@id":"https:\/\/steelplus.pt\/fr\/#organization","name":"SteelPlus","url":"https:\/\/steelplus.pt\/fr\/","logo":{"@type":"ImageObject","inLanguage":"fr-FR","@id":"https:\/\/steelplus.pt\/fr\/#\/schema\/logo\/image\/","url":"https:\/\/steelplus.pt\/wordpress\/wp-content\/uploads\/2024\/05\/Grupo-176.png","contentUrl":"https:\/\/steelplus.pt\/wordpress\/wp-content\/uploads\/2024\/05\/Grupo-176.png","width":215,"height":40,"caption":"SteelPlus"},"image":{"@id":"https:\/\/steelplus.pt\/fr\/#\/schema\/logo\/image\/"}}]}},"_links":{"self":[{"href":"https:\/\/steelplus.pt\/fr\/wp-json\/wp\/v2\/pages\/9511","targetHints":{"allow":["GET"]}}],"collection":[{"href":"https:\/\/steelplus.pt\/fr\/wp-json\/wp\/v2\/pages"}],"about":[{"href":"https:\/\/steelplus.pt\/fr\/wp-json\/wp\/v2\/types\/page"}],"author":[{"embeddable":true,"href":"https:\/\/steelplus.pt\/fr\/wp-json\/wp\/v2\/users\/1"}],"replies":[{"embeddable":true,"href":"https:\/\/steelplus.pt\/fr\/wp-json\/wp\/v2\/comments?post=9511"}],"version-history":[{"count":3,"href":"https:\/\/steelplus.pt\/fr\/wp-json\/wp\/v2\/pages\/9511\/revisions"}],"predecessor-version":[{"id":9716,"href":"https:\/\/steelplus.pt\/fr\/wp-json\/wp\/v2\/pages\/9511\/revisions\/9716"}],"wp:attachment":[{"href":"https:\/\/steelplus.pt\/fr\/wp-json\/wp\/v2\/media?parent=9511"}],"curies":[{"name":"wp","href":"https:\/\/api.w.org\/{rel}","templated":true}]}}