{"id":9622,"date":"2025-04-22T17:44:49","date_gmt":"2025-04-22T16:44:49","guid":{"rendered":"https:\/\/steelplus.pt\/certificacion\/"},"modified":"2025-07-29T12:30:51","modified_gmt":"2025-07-29T11:30:51","slug":"certificacion","status":"publish","type":"page","link":"https:\/\/steelplus.pt\/es\/certificacion\/","title":{"rendered":"Certificaci\u00f3n"},"content":{"rendered":"\t\t<div data-elementor-type=\"wp-page\" data-elementor-id=\"9622\" class=\"elementor elementor-9622 elementor-7558\" data-elementor-post-type=\"page\">\n\t\t\t\t        <section class=\"elementor-section elementor-top-section elementor-element elementor-element-b996f3c elementor-section-stretched elementor-section-boxed elementor-section-height-default elementor-section-height-default pxl-row-scroll-none pxl-bg-color-none pxl-section-overlay-none\" data-id=\"b996f3c\" data-element_type=\"section\" data-settings=\"{&quot;background_background&quot;:&quot;classic&quot;,&quot;stretch_section&quot;:&quot;section-stretched&quot;}\">\n\n                \n                <div class=\"elementor-container elementor-column-gap-extended \">\n                <div class=\"elementor-column elementor-col-50 elementor-top-column elementor-element elementor-element-2101159 pxl-column-none\" data-id=\"2101159\" data-element_type=\"column\">\r\n        <div class=\"elementor-widget-wrap elementor-element-populated\">\r\n                     \r\n        \t\t<div class=\"elementor-element elementor-element-08b6a12 elementor-widget-mobile__width-initial elementor-widget elementor-widget-pxl_image\" data-id=\"08b6a12\" data-element_type=\"widget\" data-widget_type=\"pxl_image.default\">\n\t\t\t\t<div class=\"elementor-widget-container\">\n\t\t\t\t\t\r\n<div id=\"pxl_image-08b6a12-5408\" class=\"pxl-image-single pxl-parallax-scroll style-default \" data-wow-delay=\"ms\" data-parallax='{\"y\":30}'>\r\n    <div class=\"pxl-item--inner \" data-wow-delay=\"120ms\">\r\n        \r\n                                <div class=\"pxl-item--image\" data-parallax-value=\"\">\r\n                                                    <img fetchpriority=\"high\" decoding=\"async\" width=\"1810\" height=\"1523\" src=\"https:\/\/steelplus.pt\/wordpress\/wp-content\/uploads\/2025\/04\/Certificados-Steelplus.png\" class=\"no-lazyload attachment-full\" alt=\"\" \/>                                            <\/div>\r\n                            \r\n            <\/div>\r\n<\/div>\t\t\t\t<\/div>\n\t\t\t\t<\/div>\n\t\t            <\/div>\r\n        <\/div>\r\n                <div class=\"elementor-column elementor-col-50 elementor-top-column elementor-element elementor-element-873e644 pxl-column-none\" data-id=\"873e644\" data-element_type=\"column\">\r\n        <div class=\"elementor-widget-wrap elementor-element-populated\">\r\n                     \r\n        \t\t<div class=\"elementor-element elementor-element-6511b09 elementor-widget elementor-widget-pxl_heading\" data-id=\"6511b09\" data-element_type=\"widget\" data-widget_type=\"pxl_heading.default\">\n\t\t\t\t<div class=\"elementor-widget-container\">\n\t\t\t\t\t<div id=\"pxl-pxl_heading-6511b09-3908\" class=\"pxl-heading px-title--default-style  \">\n\t<div class=\"pxl-heading--inner \">\n\t\t\n\t\t\t\t\t<div class=\"pxl-item--subtitle px-sub-title-default \" data-wow-delay=\"ms\">\n\t\t\t\t<span class=\"pxl-item--subtext\">\n\t\t\t\t\tCertificaci\u00f3n \t\t\t\t<\/span>\n\t\t\t<\/div>\n\t\t\n\t\t<h3 class=\"pxl-item--title wow skewIn\" data-wow-delay=\"ms\">\n\t\t\t <span class=\"azul\"> +<\/span> certificado con ISO\n9001 e ISO 14001\n\t\t\n\t\t<\/h3>\n\n\t\t\n\t\t\n\t\t\t\t\n\t<\/div>\n<\/div>\t\t\t\t<\/div>\n\t\t\t\t<\/div>\n\t\t\t\t<div class=\"elementor-element elementor-element-878330c elementor-widget__width-initial elementor-widget elementor-widget-pxl_text_editor\" data-id=\"878330c\" data-element_type=\"widget\" data-widget_type=\"pxl_text_editor.default\">\n\t\t\t\t<div class=\"elementor-widget-container\">\n\t\t\t\t\t<div class=\"pxl-text-editor\">\n\t<div class=\"pxl-item--inner \" data-wow-delay=\"ms\">\n\t\t<p>Nuestras pr\u00e1cticas garantizan una calidad superior y mantienen<br>los m\u00e1s altos est\u00e1ndares de gesti\u00f3n ambiental,<br>demostrando nuestra dedicaci\u00f3n a la sostenibilidad que mejora<br>directamente el valor que aportamos a cada colaboraci\u00f3n.<\/p>\t\t\n\t<\/div>\n<\/div>\t\t\t\t<\/div>\n\t\t\t\t<\/div>\n\t\t        <section class=\"elementor-section elementor-inner-section elementor-element elementor-element-d383a82 elementor-section-boxed elementor-section-height-default elementor-section-height-default pxl-row-scroll-none pxl-bg-color-none pxl-section-overlay-none\" data-id=\"d383a82\" data-element_type=\"section\">\n\n                \n                <div class=\"elementor-container elementor-column-gap-no \">\n                <div class=\"elementor-column elementor-col-100 elementor-inner-column elementor-element elementor-element-ca1f55c pxl-column-none\" data-id=\"ca1f55c\" data-element_type=\"column\">\r\n        <div class=\"elementor-widget-wrap elementor-element-populated\">\r\n                     \r\n        \t\t<div class=\"elementor-element elementor-element-0f3bee2 elementor-widget__width-auto elementor-widget elementor-widget-button\" data-id=\"0f3bee2\" data-element_type=\"widget\" data-widget_type=\"button.default\">\n\t\t\t\t<div class=\"elementor-widget-container\">\n\t\t\t\t\t\t\t\t\t<div class=\"elementor-button-wrapper\">\n\t\t\t\t\t<a class=\"elementor-button elementor-button-link elementor-size-sm\" href=\"https:\/\/steelplus.pt\/wordpress\/wp-content\/uploads\/2025\/04\/Certificado-ISO-9001_EN.pdf\">\n\t\t\t\t\t\t<span class=\"elementor-button-content-wrapper\">\n\t\t\t\t\t\t<span class=\"elementor-button-icon\">\n\t\t\t\t<i aria-hidden=\"true\" class=\"fas fa-plus\"><\/i>\t\t\t<\/span>\n\t\t\t\t\t\t\t\t\t<span class=\"elementor-button-text\">ISO 9001:2015<\/span>\n\t\t\t\t\t<\/span>\n\t\t\t\t\t<\/a>\n\t\t\t\t<\/div>\n\t\t\t\t\t\t\t\t<\/div>\n\t\t\t\t<\/div>\n\t\t\t\t<div class=\"elementor-element elementor-element-21e6b46 elementor-align-left elementor-widget__width-auto elementor-widget elementor-widget-button\" data-id=\"21e6b46\" data-element_type=\"widget\" data-widget_type=\"button.default\">\n\t\t\t\t<div class=\"elementor-widget-container\">\n\t\t\t\t\t\t\t\t\t<div class=\"elementor-button-wrapper\">\n\t\t\t\t\t<a class=\"elementor-button elementor-button-link elementor-size-sm\" href=\"https:\/\/steelplus.pt\/wordpress\/wp-content\/uploads\/2025\/04\/Certificado-ISO-14001_EN.pdf\">\n\t\t\t\t\t\t<span class=\"elementor-button-content-wrapper\">\n\t\t\t\t\t\t<span class=\"elementor-button-icon\">\n\t\t\t\t<i aria-hidden=\"true\" class=\"fas fa-plus\"><\/i>\t\t\t<\/span>\n\t\t\t\t\t\t\t\t\t<span class=\"elementor-button-text\">ISO 14001:2015<\/span>\n\t\t\t\t\t<\/span>\n\t\t\t\t\t<\/a>\n\t\t\t\t<\/div>\n\t\t\t\t\t\t\t\t<\/div>\n\t\t\t\t<\/div>\n\t\t            <\/div>\r\n        <\/div>\r\n        \t\t\t<\/div>\n\t\t<\/section>\n\t\t            <\/div>\r\n        <\/div>\r\n        \t\t\t<\/div>\n\t\t<\/section>\n\t\t\t\t<\/div>\n\t\t","protected":false},"excerpt":{"rendered":"<p>Certificaci\u00f3n + certificado con ISO 9001 e ISO 14001 Nuestras pr\u00e1cticas garantizan una calidad superior y mantienenlos m\u00e1s altos est\u00e1ndares de gesti\u00f3n ambiental,demostrando nuestra dedicaci\u00f3n a la sostenibilidad que mejoradirectamente el valor que aportamos a cada colaboraci\u00f3n. ISO 9001:2015 ISO 14001:2015<\/p>\n","protected":false},"author":1,"featured_media":0,"parent":0,"menu_order":0,"comment_status":"closed","ping_status":"closed","template":"","meta":{"footnotes":""},"class_list":["post-9622","page","type-page","status-publish","hentry"],"yoast_head":"<!-- This site is optimized with the Yoast SEO plugin v25.4 - https:\/\/yoast.com\/wordpress\/plugins\/seo\/ -->\n<title>Certificaci\u00f3n - SteelPlus<\/title>\n<meta name=\"robots\" content=\"index, follow, max-snippet:-1, max-image-preview:large, max-video-preview:-1\" \/>\n<link rel=\"canonical\" href=\"https:\/\/steelplus.pt\/es\/certificacion\/\" \/>\n<meta property=\"og:locale\" content=\"es_ES\" \/>\n<meta property=\"og:type\" content=\"article\" \/>\n<meta property=\"og:title\" content=\"Certificaci\u00f3n - SteelPlus\" \/>\n<meta property=\"og:description\" content=\"Certificaci\u00f3n + certificado con ISO 9001 e ISO 14001 Nuestras pr\u00e1cticas garantizan una calidad superior y mantienenlos m\u00e1s altos est\u00e1ndares de gesti\u00f3n ambiental,demostrando nuestra dedicaci\u00f3n a la sostenibilidad que mejoradirectamente el valor que aportamos a cada colaboraci\u00f3n. ISO 9001:2015 ISO 14001:2015\" \/>\n<meta property=\"og:url\" content=\"https:\/\/steelplus.pt\/es\/certificacion\/\" \/>\n<meta property=\"og:site_name\" content=\"SteelPlus\" \/>\n<meta property=\"article:modified_time\" content=\"2025-07-29T11:30:51+00:00\" \/>\n<meta property=\"og:image\" content=\"https:\/\/steelplus.pt\/wordpress\/wp-content\/uploads\/2025\/04\/Certificados-Steelplus.png\" \/>\n<meta name=\"twitter:card\" content=\"summary_large_image\" \/>\n<script type=\"application\/ld+json\" class=\"yoast-schema-graph\">{\"@context\":\"https:\/\/schema.org\",\"@graph\":[{\"@type\":\"WebPage\",\"@id\":\"https:\/\/steelplus.pt\/es\/certificacion\/\",\"url\":\"https:\/\/steelplus.pt\/es\/certificacion\/\",\"name\":\"Certificaci\u00f3n - SteelPlus\",\"isPartOf\":{\"@id\":\"https:\/\/steelplus.pt\/es\/#website\"},\"primaryImageOfPage\":{\"@id\":\"https:\/\/steelplus.pt\/es\/certificacion\/#primaryimage\"},\"image\":{\"@id\":\"https:\/\/steelplus.pt\/es\/certificacion\/#primaryimage\"},\"thumbnailUrl\":\"https:\/\/steelplus.pt\/wordpress\/wp-content\/uploads\/2025\/04\/Certificados-Steelplus.png\",\"datePublished\":\"2025-04-22T16:44:49+00:00\",\"dateModified\":\"2025-07-29T11:30:51+00:00\",\"breadcrumb\":{\"@id\":\"https:\/\/steelplus.pt\/es\/certificacion\/#breadcrumb\"},\"inLanguage\":\"es-ES\",\"potentialAction\":[{\"@type\":\"ReadAction\",\"target\":[\"https:\/\/steelplus.pt\/es\/certificacion\/\"]}]},{\"@type\":\"ImageObject\",\"inLanguage\":\"es-ES\",\"@id\":\"https:\/\/steelplus.pt\/es\/certificacion\/#primaryimage\",\"url\":\"https:\/\/steelplus.pt\/wordpress\/wp-content\/uploads\/2025\/04\/Certificados-Steelplus.png\",\"contentUrl\":\"https:\/\/steelplus.pt\/wordpress\/wp-content\/uploads\/2025\/04\/Certificados-Steelplus.png\"},{\"@type\":\"BreadcrumbList\",\"@id\":\"https:\/\/steelplus.pt\/es\/certificacion\/#breadcrumb\",\"itemListElement\":[{\"@type\":\"ListItem\",\"position\":1,\"name\":\"In\u00edcio\",\"item\":\"https:\/\/steelplus.pt\/es\/inicio\/\"},{\"@type\":\"ListItem\",\"position\":2,\"name\":\"Certificaci\u00f3n\"}]},{\"@type\":\"WebSite\",\"@id\":\"https:\/\/steelplus.pt\/es\/#website\",\"url\":\"https:\/\/steelplus.pt\/es\/\",\"name\":\"SteelPlus\",\"description\":\"\",\"publisher\":{\"@id\":\"https:\/\/steelplus.pt\/es\/#organization\"},\"potentialAction\":[{\"@type\":\"SearchAction\",\"target\":{\"@type\":\"EntryPoint\",\"urlTemplate\":\"https:\/\/steelplus.pt\/es\/?s={search_term_string}\"},\"query-input\":{\"@type\":\"PropertyValueSpecification\",\"valueRequired\":true,\"valueName\":\"search_term_string\"}}],\"inLanguage\":\"es-ES\"},{\"@type\":\"Organization\",\"@id\":\"https:\/\/steelplus.pt\/es\/#organization\",\"name\":\"SteelPlus\",\"url\":\"https:\/\/steelplus.pt\/es\/\",\"logo\":{\"@type\":\"ImageObject\",\"inLanguage\":\"es-ES\",\"@id\":\"https:\/\/steelplus.pt\/es\/#\/schema\/logo\/image\/\",\"url\":\"https:\/\/steelplus.pt\/wordpress\/wp-content\/uploads\/2024\/05\/Grupo-176.png\",\"contentUrl\":\"https:\/\/steelplus.pt\/wordpress\/wp-content\/uploads\/2024\/05\/Grupo-176.png\",\"width\":215,\"height\":40,\"caption\":\"SteelPlus\"},\"image\":{\"@id\":\"https:\/\/steelplus.pt\/es\/#\/schema\/logo\/image\/\"}}]}<\/script>\n<!-- \/ Yoast SEO plugin. -->","yoast_head_json":{"title":"Certificaci\u00f3n - SteelPlus","robots":{"index":"index","follow":"follow","max-snippet":"max-snippet:-1","max-image-preview":"max-image-preview:large","max-video-preview":"max-video-preview:-1"},"canonical":"https:\/\/steelplus.pt\/es\/certificacion\/","og_locale":"es_ES","og_type":"article","og_title":"Certificaci\u00f3n - SteelPlus","og_description":"Certificaci\u00f3n + certificado con ISO 9001 e ISO 14001 Nuestras pr\u00e1cticas garantizan una calidad superior y mantienenlos m\u00e1s altos est\u00e1ndares de gesti\u00f3n ambiental,demostrando nuestra dedicaci\u00f3n a la sostenibilidad que mejoradirectamente el valor que aportamos a cada colaboraci\u00f3n. ISO 9001:2015 ISO 14001:2015","og_url":"https:\/\/steelplus.pt\/es\/certificacion\/","og_site_name":"SteelPlus","article_modified_time":"2025-07-29T11:30:51+00:00","og_image":[{"url":"https:\/\/steelplus.pt\/wordpress\/wp-content\/uploads\/2025\/04\/Certificados-Steelplus.png","type":"","width":"","height":""}],"twitter_card":"summary_large_image","schema":{"@context":"https:\/\/schema.org","@graph":[{"@type":"WebPage","@id":"https:\/\/steelplus.pt\/es\/certificacion\/","url":"https:\/\/steelplus.pt\/es\/certificacion\/","name":"Certificaci\u00f3n - SteelPlus","isPartOf":{"@id":"https:\/\/steelplus.pt\/es\/#website"},"primaryImageOfPage":{"@id":"https:\/\/steelplus.pt\/es\/certificacion\/#primaryimage"},"image":{"@id":"https:\/\/steelplus.pt\/es\/certificacion\/#primaryimage"},"thumbnailUrl":"https:\/\/steelplus.pt\/wordpress\/wp-content\/uploads\/2025\/04\/Certificados-Steelplus.png","datePublished":"2025-04-22T16:44:49+00:00","dateModified":"2025-07-29T11:30:51+00:00","breadcrumb":{"@id":"https:\/\/steelplus.pt\/es\/certificacion\/#breadcrumb"},"inLanguage":"es-ES","potentialAction":[{"@type":"ReadAction","target":["https:\/\/steelplus.pt\/es\/certificacion\/"]}]},{"@type":"ImageObject","inLanguage":"es-ES","@id":"https:\/\/steelplus.pt\/es\/certificacion\/#primaryimage","url":"https:\/\/steelplus.pt\/wordpress\/wp-content\/uploads\/2025\/04\/Certificados-Steelplus.png","contentUrl":"https:\/\/steelplus.pt\/wordpress\/wp-content\/uploads\/2025\/04\/Certificados-Steelplus.png"},{"@type":"BreadcrumbList","@id":"https:\/\/steelplus.pt\/es\/certificacion\/#breadcrumb","itemListElement":[{"@type":"ListItem","position":1,"name":"In\u00edcio","item":"https:\/\/steelplus.pt\/es\/inicio\/"},{"@type":"ListItem","position":2,"name":"Certificaci\u00f3n"}]},{"@type":"WebSite","@id":"https:\/\/steelplus.pt\/es\/#website","url":"https:\/\/steelplus.pt\/es\/","name":"SteelPlus","description":"","publisher":{"@id":"https:\/\/steelplus.pt\/es\/#organization"},"potentialAction":[{"@type":"SearchAction","target":{"@type":"EntryPoint","urlTemplate":"https:\/\/steelplus.pt\/es\/?s={search_term_string}"},"query-input":{"@type":"PropertyValueSpecification","valueRequired":true,"valueName":"search_term_string"}}],"inLanguage":"es-ES"},{"@type":"Organization","@id":"https:\/\/steelplus.pt\/es\/#organization","name":"SteelPlus","url":"https:\/\/steelplus.pt\/es\/","logo":{"@type":"ImageObject","inLanguage":"es-ES","@id":"https:\/\/steelplus.pt\/es\/#\/schema\/logo\/image\/","url":"https:\/\/steelplus.pt\/wordpress\/wp-content\/uploads\/2024\/05\/Grupo-176.png","contentUrl":"https:\/\/steelplus.pt\/wordpress\/wp-content\/uploads\/2024\/05\/Grupo-176.png","width":215,"height":40,"caption":"SteelPlus"},"image":{"@id":"https:\/\/steelplus.pt\/es\/#\/schema\/logo\/image\/"}}]}},"_links":{"self":[{"href":"https:\/\/steelplus.pt\/es\/wp-json\/wp\/v2\/pages\/9622","targetHints":{"allow":["GET"]}}],"collection":[{"href":"https:\/\/steelplus.pt\/es\/wp-json\/wp\/v2\/pages"}],"about":[{"href":"https:\/\/steelplus.pt\/es\/wp-json\/wp\/v2\/types\/page"}],"author":[{"embeddable":true,"href":"https:\/\/steelplus.pt\/es\/wp-json\/wp\/v2\/users\/1"}],"replies":[{"embeddable":true,"href":"https:\/\/steelplus.pt\/es\/wp-json\/wp\/v2\/comments?post=9622"}],"version-history":[{"count":2,"href":"https:\/\/steelplus.pt\/es\/wp-json\/wp\/v2\/pages\/9622\/revisions"}],"predecessor-version":[{"id":9686,"href":"https:\/\/steelplus.pt\/es\/wp-json\/wp\/v2\/pages\/9622\/revisions\/9686"}],"wp:attachment":[{"href":"https:\/\/steelplus.pt\/es\/wp-json\/wp\/v2\/media?parent=9622"}],"curies":[{"name":"wp","href":"https:\/\/api.w.org\/{rel}","templated":true}]}}