{"id":9576,"date":"2025-04-24T09:12:02","date_gmt":"2025-04-24T08:12:02","guid":{"rendered":"https:\/\/steelplus.pt\/politica-de-privacidad\/"},"modified":"2025-07-29T12:39:51","modified_gmt":"2025-07-29T11:39:51","slug":"politica-de-privacidad","status":"publish","type":"page","link":"https:\/\/steelplus.pt\/es\/politica-de-privacidad\/","title":{"rendered":"Pol\u00edtica de privacidad"},"content":{"rendered":"\t\t<div data-elementor-type=\"wp-page\" data-elementor-id=\"9576\" class=\"elementor elementor-9576 elementor-7923\" data-elementor-post-type=\"page\">\n\t\t\t\t<div class=\"elementor-element elementor-element-541657f e-flex e-con-boxed e-con e-parent\" data-id=\"541657f\" data-element_type=\"container\">\n\t\t\t\t\t<div class=\"e-con-inner\">\n\t\t\t\t<div class=\"elementor-element elementor-element-eae6821 elementor-widget__width-initial custom-a elementor-widget elementor-widget-pxl_text_editor\" data-id=\"eae6821\" data-element_type=\"widget\" data-widget_type=\"pxl_text_editor.default\">\n\t\t\t\t<div class=\"elementor-widget-container\">\n\t\t\t\t\t<div class=\"pxl-text-editor\">\n\t<div class=\"pxl-item--inner \" data-wow-delay=\"ms\">\n\t\t<p class=\"\" data-start=\"125\" data-end=\"250\">Por favor, lea atentamente nuestra Pol\u00edtica de Cookies y nuestra Pol\u00edtica de Privacidad.<br data-start=\"184\" data-end=\"187\">Si no est\u00e1 de acuerdo con ellas, no deber\u00eda utilizar este sitio web.<\/p><p class=\"\" data-start=\"252\" data-end=\"420\">Esta Pol\u00edtica de Cookies y Privacidad describe las formas en que se recopilan y utilizan los datos personales, as\u00ed como las medidas de protecci\u00f3n y seguridad adoptadas en su tratamiento.<\/p><p class=\"\" data-start=\"422\" data-end=\"893\">La empresa, en nombre de <strong>SteelPLUS &#8211; Moldes T\u00e9cnicos, Lda<\/strong>, con n\u00famero de identificaci\u00f3n fiscal <strong data-start=\"524\" data-end=\"537\">505339943<\/strong>, en adelante denominada <strong data-start=\"566\" data-end=\"579\">Steelplus<\/strong>, reconoce la importancia de la privacidad. Nunca venderemos su informaci\u00f3n a terceros, ya sean personas f\u00edsicas o jur\u00eddicas.<br data-start=\"706\" data-end=\"709\">El sitio web <a class=\"\" href=\"https:\/\/steelplus.pt\/es\/\" target=\"_new\" rel=\"noopener\" data-start=\"721\" data-end=\"765\">https:\/\/steelplus.pt<\/a> es propiedad de <strong data-start=\"778\" data-end=\"791\">Steelplus<\/strong>, con sede en <strong data-start=\"810\" data-end=\"892\">Zona Industrial do Rossio, Travessa 3, n.\u00ba 140, 3730-601 Vila Cova de Perrinho<\/strong>. <\/p><p class=\"\" data-start=\"895\" data-end=\"912\"><strong data-start=\"895\" data-end=\"912\">POL\u00cdTICA DE COOKIES<\/strong><\/p><p class=\"\" data-start=\"914\" data-end=\"2201\">Steelplus utiliza cookies para ofrecerle un mejor servicio y experiencia como usuario de nuestro sitio. Al navegar por nuestro sitio, usted acepta el uso de cookies. <br data-start=\"1066\" data-end=\"1069\">Para garantizar que nuestro sitio ofrece una buena experiencia de navegaci\u00f3n y proporciona un servicio m\u00e1s personalizado, nuestro servidor utiliza cookies (peque\u00f1os archivos de informaci\u00f3n) para recopilar y almacenar informaci\u00f3n.<br data-start=\"1252\" data-end=\"1255\">Si lo desea, puede desactivar esta opci\u00f3n en su navegador, lo que puede limitar el acceso a ciertas \u00e1reas del sitio o impedir que se le proporcione informaci\u00f3n personalizada.<br data-start=\"1423\" data-end=\"1426\">El uso de cookies es una pr\u00e1ctica com\u00fan en la mayor\u00eda de los sitios web, con el objetivo de ahorrar tiempo a los usuarios y facilitar la navegaci\u00f3n.<br data-start=\"1531\" data-end=\"1534\">Steelplus puede utilizar cookies para recopilar informaci\u00f3n durante su visita al sitio, como las \u00e1reas que visita y las actividades en las que participa. Estos archivos se utilizan para evitar exigir al visitante que introduzca repetidamente informaci\u00f3n personal, simplificar la navegaci\u00f3n y personalizar el servicio. Las cookies pueden ayudar con el uso futuro de la aplicaci\u00f3n. Dado que el ordenador puede identificar la informaci\u00f3n proporcionada anteriormente, no la volver\u00e1 a solicitar.<br data-start=\"1967\" data-end=\"1970\">El usuario puede aceptar o eliminar las cookies. La mayor\u00eda de los navegadores o aplicaciones de navegaci\u00f3n por Internet aceptan las cookies autom\u00e1ticamente. Si el usuario no desea utilizar cookies, debe cambiar la configuraci\u00f3n de su navegador con respecto a la aceptaci\u00f3n de cookies.     <\/p><p class=\"\" data-start=\"2203\" data-end=\"2221\"><strong data-start=\"2203\" data-end=\"2221\">POL\u00cdTICA DE PRIVACIDAD<\/strong><\/p><p class=\"\" data-start=\"2223\" data-end=\"2744\"><strong data-start=\"2223\" data-end=\"2249\">Recopilaci\u00f3n de informaci\u00f3n<\/strong><br data-start=\"2249\" data-end=\"2252\">Siempre que sea necesario recopilar informaci\u00f3n personal, su uso cumplir\u00e1 con la legislaci\u00f3n aplicable, en concreto el Reglamento (UE) 2016\/679 del Parlamento Europeo y del Consejo, de 27 de abril de 2016. Se garantiza al interesado el derecho de acceso, rectificaci\u00f3n, alteraci\u00f3n, supresi\u00f3n y portabilidad de sus datos personales previa solicitud por escrito a la entidad responsable, enviada por correo certificado a la direcci\u00f3n anterior o por correo electr\u00f3nico a <a class=\"cursor-pointer\" rel=\"noopener\" data-start=\"2692\" data-end=\"2741\">moldes@steelplus.pt<\/a>. <\/p><p class=\"\" data-start=\"2746\" data-end=\"2848\">El interesado tambi\u00e9n puede presentar una reclamaci\u00f3n ante la CNPD u otra autoridad nacional de control.<\/p><p class=\"\" data-start=\"2850\" data-end=\"3220\">Toda la informaci\u00f3n se proporciona voluntariamente a trav\u00e9s del sitio web, formularios en l\u00ednea, encuestas, promociones de servicios y\/o sorteos. Steelplus recopila datos personales como nombres, direcciones, correos electr\u00f3nicos, n\u00fameros de tel\u00e9fono, direcciones IP, datos demogr\u00e1ficos e informaci\u00f3n sobre el estilo de vida para los fines que se describen a continuaci\u00f3n. Steelplus es la entidad responsable de la recopilaci\u00f3n y el tratamiento de los datos personales.  <\/p><p class=\"\" data-start=\"3222\" data-end=\"3810\"><strong data-start=\"3222\" data-end=\"3254\">Uso de la informaci\u00f3n recopilada<\/strong><br data-start=\"3254\" data-end=\"3257\">Steelplus se compromete a cumplir las leyes de protecci\u00f3n de datos vigentes en Portugal.<br data-start=\"3340\" data-end=\"3343\">La informaci\u00f3n obtenida podr\u00e1 ser utilizada por Steelplus para enviar material de marketing o para acciones comerciales desarrolladas con tal fin.<br data-start=\"3474\" data-end=\"3477\">Los datos recogidos est\u00e1n destinados exclusivamente al uso interno de Steelplus para atender las solicitudes realizadas a trav\u00e9s de este sitio web, y se garantiza la privacidad y la protecci\u00f3n de los datos del usuario.<br data-start=\"3645\" data-end=\"3648\">Steelplus podr\u00e1 compartir los datos del usuario con otras empresas cuando sea necesario para proporcionar un producto o servicio, garantizando que solo se comparte la informaci\u00f3n m\u00ednima necesaria.<\/p><p class=\"\" data-start=\"3812\" data-end=\"4158\"><strong data-start=\"3812\" data-end=\"3860\">Derecho de acceso, rectificaci\u00f3n, cancelaci\u00f3n y oposici\u00f3n<\/strong><br data-start=\"3860\" data-end=\"3863\">De acuerdo con el Reglamento (UE) 2016\/679, cualquier persona puede solicitar el acceso a sus datos personales, conocer su contenido, solicitar su rectificaci\u00f3n, actualizaci\u00f3n o supresi\u00f3n mediante solicitud escrita dirigida al Responsable del Tratamiento a la siguiente direcci\u00f3n de correo electr\u00f3nico: <a class=\"cursor-pointer\" rel=\"noopener\" data-start=\"4108\" data-end=\"4157\">moldes@steelplus.pt<\/a>.<\/p><p class=\"\" data-start=\"4160\" data-end=\"4585\"><strong data-start=\"4160\" data-end=\"4192\">Seguridad y protecci\u00f3n de datos<\/strong><br data-start=\"4192\" data-end=\"4195\">Steelplus se compromete a adoptar las medidas de seguridad necesarias para proteger los datos personales de los usuarios contra el uso indebido o el acceso no autorizado.<br data-start=\"4331\" data-end=\"4334\">Sin embargo, como Internet no es un medio de comunicaci\u00f3n completamente seguro, Steelplus no puede garantizar la seguridad de ninguna informaci\u00f3n divulgada en l\u00ednea ni ser considerada responsable de las p\u00e9rdidas o da\u00f1os resultantes de la p\u00e9rdida de confidencialidad de la informaci\u00f3n.<\/p><p class=\"\" data-start=\"4587\" data-end=\"4930\"><strong data-start=\"4587\" data-end=\"4605\">Responsabilidad<\/strong><br data-start=\"4605\" data-end=\"4608\">Este sitio web puede contener enlaces que redirigen a los usuarios a otras p\u00e1ginas web fuera del dominio de Steelplus, que pueden recopilar datos o solicitar informaci\u00f3n personal. Esta Pol\u00edtica de Privacidad no se aplica a los sitios web de terceros; los usuarios deben leer sus pol\u00edticas de privacidad, y Steelplus no es responsable de su contenido o informaci\u00f3n. <\/p><p class=\"\" data-start=\"4932\" data-end=\"5194\"><strong data-start=\"4932\" data-end=\"4965\">Aceptaci\u00f3n de la Pol\u00edtica de Privacidad<\/strong><br data-start=\"4965\" data-end=\"4968\">Se entiende que el usuario acepta los t\u00e9rminos de esta pol\u00edtica de privacidad al enviar sus datos. El hecho de rellenar formularios implica el consentimiento del usuario al tratamiento automatizado y al uso de sus datos en los t\u00e9rminos aqu\u00ed descritos. <\/p><p class=\"\" data-start=\"5196\" data-end=\"5465\"><strong data-start=\"5196\" data-end=\"5229\">Cambios en la Pol\u00edtica de Privacidad<\/strong><br data-start=\"5229\" data-end=\"5232\">Steelplus se reserva el derecho de actualizar o revisar esta Pol\u00edtica de Privacidad en cualquier momento para adaptarla a los cambios legislativos y\/o a otras condiciones. Cualquier cambio se publicar\u00e1 aqu\u00ed, por lo que los usuarios deben consultar esta p\u00e1gina con regularidad para mantenerse informados. <\/p><p class=\"\" data-start=\"5467\" data-end=\"5504\"><strong data-start=\"5467\" data-end=\"5504\">Vila Cova de Perrinho, abril de 2025<\/strong><\/p>\t\t\n\t<\/div>\n<\/div>\t\t\t\t<\/div>\n\t\t\t\t<\/div>\n\t\t\t\t\t<\/div>\n\t\t\t\t<\/div>\n\t\t\t\t<\/div>\n\t\t","protected":false},"excerpt":{"rendered":"<p>Por favor, lea atentamente nuestra Pol\u00edtica de Cookies y nuestra Pol\u00edtica de Privacidad.Si no est\u00e1 de acuerdo con ellas, no deber\u00eda utilizar este sitio web. Esta Pol\u00edtica de Cookies y Privacidad describe las formas en que se recopilan y utilizan los datos personales, as\u00ed como las medidas de protecci\u00f3n y seguridad adoptadas en su tratamiento. [&hellip;]<\/p>\n","protected":false},"author":1,"featured_media":0,"parent":0,"menu_order":0,"comment_status":"closed","ping_status":"closed","template":"","meta":{"footnotes":""},"class_list":["post-9576","page","type-page","status-publish","hentry"],"yoast_head":"<!-- This site is optimized with the Yoast SEO plugin v25.4 - https:\/\/yoast.com\/wordpress\/plugins\/seo\/ -->\n<title>Pol\u00edtica de privacidad - SteelPlus<\/title>\n<meta name=\"robots\" content=\"index, follow, max-snippet:-1, max-image-preview:large, max-video-preview:-1\" \/>\n<link rel=\"canonical\" href=\"https:\/\/steelplus.pt\/es\/politica-de-privacidad\/\" \/>\n<meta property=\"og:locale\" content=\"es_ES\" \/>\n<meta property=\"og:type\" content=\"article\" \/>\n<meta property=\"og:title\" content=\"Pol\u00edtica de privacidad - SteelPlus\" \/>\n<meta property=\"og:description\" content=\"Por favor, lea atentamente nuestra Pol\u00edtica de Cookies y nuestra Pol\u00edtica de Privacidad.Si no est\u00e1 de acuerdo con ellas, no deber\u00eda utilizar este sitio web. Esta Pol\u00edtica de Cookies y Privacidad describe las formas en que se recopilan y utilizan los datos personales, as\u00ed como las medidas de protecci\u00f3n y seguridad adoptadas en su tratamiento. [&hellip;]\" \/>\n<meta property=\"og:url\" content=\"https:\/\/steelplus.pt\/es\/politica-de-privacidad\/\" \/>\n<meta property=\"og:site_name\" content=\"SteelPlus\" \/>\n<meta property=\"article:modified_time\" content=\"2025-07-29T11:39:51+00:00\" \/>\n<meta name=\"twitter:card\" content=\"summary_large_image\" \/>\n<meta name=\"twitter:label1\" content=\"Est. reading time\" \/>\n\t<meta name=\"twitter:data1\" content=\"5 minutes\" \/>\n<script type=\"application\/ld+json\" class=\"yoast-schema-graph\">{\"@context\":\"https:\/\/schema.org\",\"@graph\":[{\"@type\":\"WebPage\",\"@id\":\"https:\/\/steelplus.pt\/es\/politica-de-privacidad\/\",\"url\":\"https:\/\/steelplus.pt\/es\/politica-de-privacidad\/\",\"name\":\"Pol\u00edtica de privacidad - SteelPlus\",\"isPartOf\":{\"@id\":\"https:\/\/steelplus.pt\/es\/#website\"},\"datePublished\":\"2025-04-24T08:12:02+00:00\",\"dateModified\":\"2025-07-29T11:39:51+00:00\",\"breadcrumb\":{\"@id\":\"https:\/\/steelplus.pt\/es\/politica-de-privacidad\/#breadcrumb\"},\"inLanguage\":\"es-ES\",\"potentialAction\":[{\"@type\":\"ReadAction\",\"target\":[\"https:\/\/steelplus.pt\/es\/politica-de-privacidad\/\"]}]},{\"@type\":\"BreadcrumbList\",\"@id\":\"https:\/\/steelplus.pt\/es\/politica-de-privacidad\/#breadcrumb\",\"itemListElement\":[{\"@type\":\"ListItem\",\"position\":1,\"name\":\"In\u00edcio\",\"item\":\"https:\/\/steelplus.pt\/es\/inicio\/\"},{\"@type\":\"ListItem\",\"position\":2,\"name\":\"Pol\u00edtica de privacidad\"}]},{\"@type\":\"WebSite\",\"@id\":\"https:\/\/steelplus.pt\/es\/#website\",\"url\":\"https:\/\/steelplus.pt\/es\/\",\"name\":\"SteelPlus\",\"description\":\"\",\"publisher\":{\"@id\":\"https:\/\/steelplus.pt\/es\/#organization\"},\"potentialAction\":[{\"@type\":\"SearchAction\",\"target\":{\"@type\":\"EntryPoint\",\"urlTemplate\":\"https:\/\/steelplus.pt\/es\/?s={search_term_string}\"},\"query-input\":{\"@type\":\"PropertyValueSpecification\",\"valueRequired\":true,\"valueName\":\"search_term_string\"}}],\"inLanguage\":\"es-ES\"},{\"@type\":\"Organization\",\"@id\":\"https:\/\/steelplus.pt\/es\/#organization\",\"name\":\"SteelPlus\",\"url\":\"https:\/\/steelplus.pt\/es\/\",\"logo\":{\"@type\":\"ImageObject\",\"inLanguage\":\"es-ES\",\"@id\":\"https:\/\/steelplus.pt\/es\/#\/schema\/logo\/image\/\",\"url\":\"https:\/\/steelplus.pt\/wordpress\/wp-content\/uploads\/2024\/05\/Grupo-176.png\",\"contentUrl\":\"https:\/\/steelplus.pt\/wordpress\/wp-content\/uploads\/2024\/05\/Grupo-176.png\",\"width\":215,\"height\":40,\"caption\":\"SteelPlus\"},\"image\":{\"@id\":\"https:\/\/steelplus.pt\/es\/#\/schema\/logo\/image\/\"}}]}<\/script>\n<!-- \/ Yoast SEO plugin. -->","yoast_head_json":{"title":"Pol\u00edtica de privacidad - SteelPlus","robots":{"index":"index","follow":"follow","max-snippet":"max-snippet:-1","max-image-preview":"max-image-preview:large","max-video-preview":"max-video-preview:-1"},"canonical":"https:\/\/steelplus.pt\/es\/politica-de-privacidad\/","og_locale":"es_ES","og_type":"article","og_title":"Pol\u00edtica de privacidad - SteelPlus","og_description":"Por favor, lea atentamente nuestra Pol\u00edtica de Cookies y nuestra Pol\u00edtica de Privacidad.Si no est\u00e1 de acuerdo con ellas, no deber\u00eda utilizar este sitio web. Esta Pol\u00edtica de Cookies y Privacidad describe las formas en que se recopilan y utilizan los datos personales, as\u00ed como las medidas de protecci\u00f3n y seguridad adoptadas en su tratamiento. [&hellip;]","og_url":"https:\/\/steelplus.pt\/es\/politica-de-privacidad\/","og_site_name":"SteelPlus","article_modified_time":"2025-07-29T11:39:51+00:00","twitter_card":"summary_large_image","twitter_misc":{"Est. reading time":"5 minutes"},"schema":{"@context":"https:\/\/schema.org","@graph":[{"@type":"WebPage","@id":"https:\/\/steelplus.pt\/es\/politica-de-privacidad\/","url":"https:\/\/steelplus.pt\/es\/politica-de-privacidad\/","name":"Pol\u00edtica de privacidad - SteelPlus","isPartOf":{"@id":"https:\/\/steelplus.pt\/es\/#website"},"datePublished":"2025-04-24T08:12:02+00:00","dateModified":"2025-07-29T11:39:51+00:00","breadcrumb":{"@id":"https:\/\/steelplus.pt\/es\/politica-de-privacidad\/#breadcrumb"},"inLanguage":"es-ES","potentialAction":[{"@type":"ReadAction","target":["https:\/\/steelplus.pt\/es\/politica-de-privacidad\/"]}]},{"@type":"BreadcrumbList","@id":"https:\/\/steelplus.pt\/es\/politica-de-privacidad\/#breadcrumb","itemListElement":[{"@type":"ListItem","position":1,"name":"In\u00edcio","item":"https:\/\/steelplus.pt\/es\/inicio\/"},{"@type":"ListItem","position":2,"name":"Pol\u00edtica de privacidad"}]},{"@type":"WebSite","@id":"https:\/\/steelplus.pt\/es\/#website","url":"https:\/\/steelplus.pt\/es\/","name":"SteelPlus","description":"","publisher":{"@id":"https:\/\/steelplus.pt\/es\/#organization"},"potentialAction":[{"@type":"SearchAction","target":{"@type":"EntryPoint","urlTemplate":"https:\/\/steelplus.pt\/es\/?s={search_term_string}"},"query-input":{"@type":"PropertyValueSpecification","valueRequired":true,"valueName":"search_term_string"}}],"inLanguage":"es-ES"},{"@type":"Organization","@id":"https:\/\/steelplus.pt\/es\/#organization","name":"SteelPlus","url":"https:\/\/steelplus.pt\/es\/","logo":{"@type":"ImageObject","inLanguage":"es-ES","@id":"https:\/\/steelplus.pt\/es\/#\/schema\/logo\/image\/","url":"https:\/\/steelplus.pt\/wordpress\/wp-content\/uploads\/2024\/05\/Grupo-176.png","contentUrl":"https:\/\/steelplus.pt\/wordpress\/wp-content\/uploads\/2024\/05\/Grupo-176.png","width":215,"height":40,"caption":"SteelPlus"},"image":{"@id":"https:\/\/steelplus.pt\/es\/#\/schema\/logo\/image\/"}}]}},"_links":{"self":[{"href":"https:\/\/steelplus.pt\/es\/wp-json\/wp\/v2\/pages\/9576","targetHints":{"allow":["GET"]}}],"collection":[{"href":"https:\/\/steelplus.pt\/es\/wp-json\/wp\/v2\/pages"}],"about":[{"href":"https:\/\/steelplus.pt\/es\/wp-json\/wp\/v2\/types\/page"}],"author":[{"embeddable":true,"href":"https:\/\/steelplus.pt\/es\/wp-json\/wp\/v2\/users\/1"}],"replies":[{"embeddable":true,"href":"https:\/\/steelplus.pt\/es\/wp-json\/wp\/v2\/comments?post=9576"}],"version-history":[{"count":3,"href":"https:\/\/steelplus.pt\/es\/wp-json\/wp\/v2\/pages\/9576\/revisions"}],"predecessor-version":[{"id":9712,"href":"https:\/\/steelplus.pt\/es\/wp-json\/wp\/v2\/pages\/9576\/revisions\/9712"}],"wp:attachment":[{"href":"https:\/\/steelplus.pt\/es\/wp-json\/wp\/v2\/media?parent=9576"}],"curies":[{"name":"wp","href":"https:\/\/api.w.org\/{rel}","templated":true}]}}